{"id":897,"date":"2023-06-23T13:32:00","date_gmt":"2023-06-23T13:32:00","guid":{"rendered":"https:\/\/colegiomacdermont.edu.gt.edulinegt.com\/mac\/?page_id=897"},"modified":"2025-05-21T20:12:56","modified_gmt":"2025-05-21T20:12:56","slug":"story-telling","status":"publish","type":"page","link":"https:\/\/colegiomacdermont.edu.gt.edulinegt.com\/mac\/story-telling\/","title":{"rendered":"Story Telling"},"content":{"rendered":"\n\n\n\n\n\n\n\n<p><iframe loading=\"lazy\" width=\"560\" height=\"315\" src=\"https:\/\/www.youtube.com\/embed\/I7aIqa9b3w8\" title=\"YouTube video player\" frameborder=\"0\" allow=\"accelerometer; autoplay; clipboard-write; encrypted-media; gyroscope; picture-in-picture; web-share\" allowfullscreen><\/iframe><\/p>\n\n\n<p>JOSE JAVIER KHONGKUA LUTIN:<\/p>\n<p style=\"text-align: justify;\">Graduado del Colegio en la carrera de Bachiller en Ciencias y Letras en el a\u00f1o 2022.<\/p>\n<p style=\"text-align: justify;\">Actualmente se encuentra estudiando la Carrera de Medicina en la Universidad Rafael Land\u00edvar de Guatemala en su 2do. semestre.<br><\/p>\n\n\n\n\n<p><iframe loading=\"lazy\" width=\"560\" height=\"315\" src=\"https:\/\/www.youtube.com\/embed\/xucgD_In7V4\" title=\"YouTube video player\" frameborder=\"0\" allow=\"accelerometer; autoplay; clipboard-write; encrypted-media; gyroscope; picture-in-picture; web-share\" allowfullscreen><\/iframe><\/p>\n\n\n<p>OSCAR ANDR\u00c9S MONZ\u00d3N HIDALGO:&nbsp;<\/p>\n<p style=\"text-align: justify;\">Graduado del Colegio en la carrera de Bachiller en Ciencias y Letras en el a\u00f1o 2021.<\/p>\n<p style=\"text-align: justify;\">Actualmente se encuentra estudiando en su 2do. a\u00f1o de la Carrera de Qu\u00edmica Farmac\u00e9utica en la Universidad San Carlos de Guatemala.<\/p>\n<p style=\"text-align: justify;\">Tambi\u00e9n nos indica que debido a su aprendizaje en el Ingl\u00e9s tanto de Colegio como Universidad actualmente se encuentra laborando en un Call Center.<\/p>\n\n\n\n\n<p><iframe loading=\"lazy\" width=\"560\" height=\"315\" src=\"https:\/\/www.youtube.com\/embed\/DuN730mA0QM\" title=\"YouTube video player\" frameborder=\"0\" allow=\"accelerometer; autoplay; clipboard-write; encrypted-media; gyroscope; picture-in-picture; web-share\" allowfullscreen><\/iframe><\/p>\n\n\n<p>GIANCARLO MOTTA&nbsp; BARRERA:&nbsp;<\/p>\n<p>Graduado del Colegio en la carrera de Bachiller en Ciencias y Letras en el a\u00f1o 2020.<\/p>\n<p style=\"text-align: justify;\">Actualmente se encuentra estudiando la carrera de Administraci\u00f3n de Empresas con Especializaci\u00f3n en Transformaci\u00f3n Digital.<\/p>\n<p style=\"text-align: justify;\">Distinci\u00f3n acad\u00e9mica correspondientes al ciclo escolar 2021 de Universidad Del Valle De Guatemala.<\/p>\n\n\n\n\n<p><iframe loading=\"lazy\" width=\"560\" height=\"315\" src=\"https:\/\/www.youtube.com\/embed\/pkikcOd0Nms\" title=\"YouTube video player\" frameborder=\"0\" allow=\"accelerometer; autoplay; clipboard-write; encrypted-media; gyroscope; picture-in-picture; web-share\" allowfullscreen><\/iframe><\/p>\n\n\n<p>OTTO SEBASTI\u00c1N G\u00d3MEZ CORD\u00d3N<\/p>\n<p style=\"text-align: justify;\">Graduado del Colegio en la carrera de Perito en Relaciones P\u00fablicas Empresariales en el a\u00f1o 2013<\/p>\n<p style=\"text-align: justify;\">Es Ingeniero Industrial graduado de la Universidad Rafael Landivar de Guatemala<\/p>\n<p style=\"text-align: justify;\">El labora como&nbsp; Jefe de Ingenier\u00eda de operaciones y Jefe de mejora continua en una empresa que se dedica a dar tratamiento y disposici\u00f3n de residuos de la industria Guatemalteca principalmente bebidas y alimentos.<\/p>\n\n\n\n\n<p><p><iframe loading=\"lazy\" width=\"560\" height=\"315\" src=\"https:\/\/www.youtube.com\/embed\/8Hlex5fJ1Dk\" title=\"YouTube video player\" frameborder=\"0\" allow=\"accelerometer; autoplay; clipboard-write; encrypted-media; gyroscope; picture-in-picture; web-share\" allowfullscreen><\/iframe><\/p>.<\/p>\n\n\n<p>PEDRO JOS\u00c9 LUCERO MARCHENA:<\/p>\n<p style=\"text-align: justify;\">Graduado del Colegio en la carrera de Perito en Administraci\u00f3n de Empresas en el a\u00f1o 2014.<\/p>\n<p style=\"text-align: justify;\">Actualmente se encuentra laborando como supervisor de operaciones para la Empresa Sa\u00fal E. M\u00e9ndez para el \u00c1rea de gastronom\u00eda.<\/p>\n\n\n\n\n<p><iframe loading=\"lazy\" width=\"560\" height=\"315\" src=\"https:\/\/www.youtube.com\/embed\/fR_ZMczTh4Q\" title=\"YouTube video player\" frameborder=\"0\" allow=\"accelerometer; autoplay; clipboard-write; encrypted-media; gyroscope; picture-in-picture; web-share\" allowfullscreen><\/iframe><\/p>\n\n\n<p style=\"color: rgb(0, 0, 0);\">ROXANA MAR\u00cdA G\u00d3MEZ CORD\u00d3N:<\/p>\n<p>Graduada del Colegio en la carrera de Perito en Relaciones P\u00fablicas Empresariales en el a\u00f1o 2015.<\/p>\n<p style=\"text-align: justify;\">Ella es&nbsp; Licenciada en Administraci\u00f3n de Empresas graduada de la Universidad Rafael Land\u00edvar&nbsp;de Guatemala.<\/p>\n<p style=\"text-align: justify;\">Actualmente labora como sales coach y Relationship Manager en una empresa internacional.<\/p><p><br><\/p>\n\n\n\n\n<p><iframe loading=\"lazy\" width=\"560\" height=\"315\" src=\"https:\/\/www.youtube.com\/embed\/0JzkWTz49wY\" title=\"YouTube video player\" frameborder=\"0\" allow=\"accelerometer; autoplay; clipboard-write; encrypted-media; gyroscope; picture-in-picture; web-share\" allowfullscreen><\/iframe><\/p>\n\n\n<span style=\"color:#000000;\">HERMANAS V\u00c1SQUEZ G\u00c1LVEZ:<\/span>\n<p style=\"text-align: justify;\"><\/p><p style=\"text-align: justify;\">Ellas actualmente cuentan con una empresa que lleva por nombre Sleeps Gt, la cual es una empresa con una trayectoria de 5 a\u00f1os y&nbsp; es importadora de pijamas, batas y&nbsp; lencer\u00eda.<\/p>\n<p style=\"text-align: justify;\">Mar\u00eda Fernanda V\u00e1squez G\u00e1lvez:&nbsp;<span style=\"font-size: 14px; text-align: justify;\">Graduada del Colegio en la carrera de Bachiller en Ciencias y Letras en el a\u00f1o 2013. Ella es actualmente<\/span>&nbsp;Licenciada en Psicolog\u00eda Industrial.<\/p>\n<p style=\"text-align: justify;\">Ex Alumna Ana Lucia V\u00e1squez G\u00e1lvez:&nbsp; Ella nos comenta que actualmente es Licenciada en Marketing.<\/p>\n<p style=\"text-align: justify;\">Ex Alumna Mar\u00eda De Los \u00c1ngeles V\u00e1squez G\u00e1lvez : Ella nos comenta que actualmente esta estudiando Psicolog\u00eda Cl\u00ednica.&nbsp;<br><\/p>\n\n\n","protected":false},"excerpt":{"rendered":"","protected":false},"author":1,"featured_media":0,"parent":0,"menu_order":0,"comment_status":"closed","ping_status":"closed","template":"","meta":{"om_disable_all_campaigns":false},"_links":{"self":[{"href":"https:\/\/colegiomacdermont.edu.gt.edulinegt.com\/mac\/wp-json\/wp\/v2\/pages\/897"}],"collection":[{"href":"https:\/\/colegiomacdermont.edu.gt.edulinegt.com\/mac\/wp-json\/wp\/v2\/pages"}],"about":[{"href":"https:\/\/colegiomacdermont.edu.gt.edulinegt.com\/mac\/wp-json\/wp\/v2\/types\/page"}],"author":[{"embeddable":true,"href":"https:\/\/colegiomacdermont.edu.gt.edulinegt.com\/mac\/wp-json\/wp\/v2\/users\/1"}],"replies":[{"embeddable":true,"href":"https:\/\/colegiomacdermont.edu.gt.edulinegt.com\/mac\/wp-json\/wp\/v2\/comments?post=897"}],"version-history":[{"count":49,"href":"https:\/\/colegiomacdermont.edu.gt.edulinegt.com\/mac\/wp-json\/wp\/v2\/pages\/897\/revisions"}],"predecessor-version":[{"id":1558,"href":"https:\/\/colegiomacdermont.edu.gt.edulinegt.com\/mac\/wp-json\/wp\/v2\/pages\/897\/revisions\/1558"}],"wp:attachment":[{"href":"https:\/\/colegiomacdermont.edu.gt.edulinegt.com\/mac\/wp-json\/wp\/v2\/media?parent=897"}],"curies":[{"name":"wp","href":"https:\/\/api.w.org\/{rel}","templated":true}]}}