{"id":77,"date":"2021-07-29T19:38:59","date_gmt":"2021-07-29T19:38:59","guid":{"rendered":"https:\/\/colegiomacdermont.edu.gt.edulinegt.com\/mac\/?page_id=77"},"modified":"2025-11-03T18:44:55","modified_gmt":"2025-11-03T18:44:55","slug":"colegiatura-2022","status":"publish","type":"page","link":"https:\/\/colegiomacdermont.edu.gt.edulinegt.com\/mac\/colegiatura-2022\/","title":{"rendered":"Admisiones"},"content":{"rendered":"\n\n\n\n\n\n\n\n\n\n<h2 style=\"box-sizing: border-box; border: 0px; font-family: Oxygen, sans-serif; font-size: 22px; font-weight: inherit; margin-bottom: 10px; outline: 0px; vertical-align: baseline; color: rgb(64, 64, 64); letter-spacing: normal; text-transform: none; text-decoration-style: initial;\">PROCESOS Y REQUISITOS DE ADMISI\u00d3N<\/h2>\n\n\n\n<h5 style=\"box-sizing: border-box; border: 0px; font-family: Oxygen, sans-serif; font-size: 16px; margin-bottom: 10px; outline: 0px; vertical-align: baseline; color: rgb(64, 64, 64); letter-spacing: normal; text-decoration-style: initial;\"><span style=\"font-weight: inherit;\">Bienvenidos a<\/span><em style=\"box-sizing: border-box; border: 0px; font-family: inherit; font-size: 16px; outline: 0px; vertical-align: baseline;\"><span style=\"box-sizing: border-box; border: 0px; font-family: inherit; font-size: 16px; outline: 0px; vertical-align: baseline; color: rgb(255, 102, 0);\"><span style=\"font-style: inherit; font-weight: inherit;\">&nbsp;<\/span><span style=\"box-sizing: border-box; border: 0px; font-family: inherit; font-size: 16px; outline: 0px; vertical-align: baseline;\"><strong style=\"\"><em><u>Colegio MacDermont<\/u><\/em><\/strong><\/span><\/span><\/em><span style=\"font-weight: inherit;\">&nbsp;el lugar donde sus hijos aprender\u00e1n a alcanzar su mayor potencial y a tener \u00e9xito en sus metas y sue\u00f1os.<\/span><\/h5>\n\n\n<h5 style=\"box-sizing: border-box; border: 0px; font-family: Oxygen, sans-serif; font-size: 16px; font-weight: inherit; margin-bottom: 10px; outline: 0px; vertical-align: baseline; color: rgb(64, 64, 64); letter-spacing: normal; text-decoration-style: initial; text-align: justify;\">Nuestro&nbsp;<span style=\"box-sizing: border-box; border: 0px; font-family: inherit; font-size: 16px; font-style: inherit; font-weight: inherit; outline: 0px; vertical-align: baseline; color: rgb(0, 128, 0);\"><strong style=\"box-sizing: border-box; border: 0px; font-family: inherit; font-size: 16px; font-style: inherit; font-weight: bold; outline: 0px; vertical-align: baseline;\">PROCESO DE ADMISI\u00d3N<\/strong><\/span>&nbsp;consta de los siguientes pasos<\/h5>\n\n\n<h5 style=\"box-sizing: border-box; border: 0px; font-family: Oxygen, sans-serif; font-size: 16px; font-weight: inherit; margin-bottom: 10px; outline: 0px; vertical-align: baseline; color: rgb(64, 64, 64); letter-spacing: normal; text-decoration-style: initial; text-align: justify;\"><strong style=\"box-sizing: border-box; border: 0px; font-family: inherit; font-size: 16px; font-style: inherit; font-weight: bold; outline: 0px; vertical-align: baseline;\"><span style=\"box-sizing: border-box; border: 0px; font-family: inherit; font-size: 16px; font-style: inherit; font-weight: inherit; outline: 0px; vertical-align: baseline; color: rgb(0, 0, 128);\">Programar fecha de ex\u00e1menes:<\/span><\/strong><\/h5><h5 style=\"box-sizing: border-box; border: 0px; font-family: Oxygen, sans-serif; font-size: 16px; font-weight: inherit; margin-bottom: 10px; outline: 0px; vertical-align: baseline; color: rgb(64, 64, 64); letter-spacing: normal; text-decoration-style: initial; text-align: justify;\">Nuestros ex\u00e1menes de admisi\u00f3n son realizados por el departamento de psicolog\u00eda y son individuales, por lo que usted puede escoger una fecha conveniente en recepci\u00f3n y cancelar el costo de los mismos en caja. Tambi\u00e9n puede programarlos a nuestro PBX: al&nbsp;<strong style=\"box-sizing: border-box; border: 0px; font-family: inherit; font-size: 16px; font-weight: bold; outline: 0px; vertical-align: baseline;\"><em>2472-4969 o a nuestro&nbsp; &nbsp; Whatsapp: 4243- 1587.<\/em><\/strong><\/h5>\n\n<p>Inscripci\u00f3n 2026<\/p>\n\n<p><br><\/p>\n\n\n<p><br><\/p>\n\n\n<p pagelayer-id=\"j0n5602\" class=\"p-j0n5602 pagelayer-text\" style=\"margin-bottom: 15px; width: 1150px; font-size: 24px !important;\"><\/p><p class=\"pagelayer-text-holder pagelayer-pen pagelayer-pen-focused\" pagelayer-editable=\"text\" contenteditable=\"true\"><\/p><p><\/p><div pagelayer-id=\"wzg1639\" class=\"p-wzg1639 pagelayer-text\" style=\"box-sizing: border-box; margin: 0px 0px 15px; padding: 0px; border: 0px; font-style: normal; font-variant-ligatures: normal; font-variant-caps: normal; font-variant-numeric: inherit; font-variant-east-asian: inherit; font-variant-alternates: inherit; font-variant-position: inherit; font-variant-emoji: inherit; font-weight: 400; font-stretch: inherit; font-size: 24px !important; line-height: inherit; font-family: &quot;Times New Roman&quot;; font-optical-sizing: inherit; font-size-adjust: inherit; font-kerning: inherit; font-feature-settings: inherit; font-variation-settings: inherit; vertical-align: baseline; transition: 0.5s; width: 1150px; color: rgb(0, 0, 0); letter-spacing: normal; orphans: 2; text-align: start; text-indent: 0px; text-transform: none; widows: 2; word-spacing: 0px; -webkit-text-stroke-width: 0px; white-space: normal; background-color: rgb(255, 255, 255); text-decoration-thickness: initial; text-decoration-style: initial; text-decoration-color: initial;\"><div class=\"pagelayer-text-holder\" style=\"box-sizing: border-box; margin: 0px; padding: 0px; border: 0px; font: inherit; vertical-align: baseline;\"><\/div><\/div><p><\/p><div pagelayer-id=\"lkp5430\" class=\"p-lkp5430 pagelayer-text\" style=\"box-sizing: border-box; margin: 0px 0px 15px; padding: 0px; border: 0px; font-style: normal; font-variant-ligatures: normal; font-variant-caps: normal; font-variant-numeric: inherit; font-variant-east-asian: inherit; font-variant-alternates: inherit; font-variant-position: inherit; font-variant-emoji: inherit; font-weight: 400; font-stretch: inherit; font-size: 25px !important; line-height: inherit; font-family: Arial !important; font-optical-sizing: inherit; font-size-adjust: inherit; font-kerning: inherit; font-feature-settings: inherit; font-variation-settings: inherit; vertical-align: baseline; transition: 0.5s; width: 1150px; color: rgb(0, 0, 0); letter-spacing: normal; orphans: 2; text-align: start; text-indent: 0px; text-transform: none; widows: 2; word-spacing: 0px; -webkit-text-stroke-width: 0px; white-space: normal; background-color: rgb(255, 255, 255); text-decoration-thickness: initial; text-decoration-style: initial; text-decoration-color: initial;\"><\/div><p><\/p><div class=\"pagelayer-text-holder\" style=\"box-sizing: border-box; margin: 0px; padding: 0px; border: 0px; font: inherit; vertical-align: baseline;\"><\/div><p><\/p><h2 class=\"qrShPb pXs6bb PZPZlf q8U8x aTI8gc\" data-local-attribute=\"d3bn\" data-attrid=\"title\" data-ved=\"2ahUKEwjmsYq6qI-DAxU4ke4BHWzgDjIQ3B0oAXoECEMQEQ\" style=\"box-sizing: border-box; color: rgb(32, 33, 36); margin: 0px; padding: 0px; border: 0px; font-style: inherit; font-variant: inherit; font-weight: 400; font-stretch: inherit; font-size: 28px; line-height: 36px; font-family: &quot;Google Sans&quot;, arial, sans-serif; font-optical-sizing: inherit; font-size-adjust: inherit; font-kerning: inherit; font-feature-settings: inherit; font-variation-settings: inherit; vertical-align: baseline; overflow-wrap: break-word;\">Atenci\u00f3n de padres de familia para inscripci\u00f3n :<\/h2>\n\n\n<p><br><\/p>\n\n<p><span style=\"font-family: &quot;Times New Roman&quot;; font-size: 24px; font-style: normal; font-variant-ligatures: normal; font-variant-caps: normal; font-weight: 400;\">Iniciamos atenci\u00f3n al publico el d\u00eda viernes 02 de enero en el horario de: 7:30 A.M. a 5:00 P.M.<\/span><\/p>\n\n<p><br><\/p>\n\n\n\n\n\n\n\n\n\n\n\n\n\n\n\n\n\n\n\n\n<span style=\"color: #ffffff;\">#hashtag<\/span>\n\n\n\n\n<span style=\"color: #ffffff;\">#colegios<\/span>\n\n\n","protected":false},"excerpt":{"rendered":"","protected":false},"author":1,"featured_media":0,"parent":0,"menu_order":0,"comment_status":"closed","ping_status":"closed","template":"","meta":{"om_disable_all_campaigns":false},"_links":{"self":[{"href":"https:\/\/colegiomacdermont.edu.gt.edulinegt.com\/mac\/wp-json\/wp\/v2\/pages\/77"}],"collection":[{"href":"https:\/\/colegiomacdermont.edu.gt.edulinegt.com\/mac\/wp-json\/wp\/v2\/pages"}],"about":[{"href":"https:\/\/colegiomacdermont.edu.gt.edulinegt.com\/mac\/wp-json\/wp\/v2\/types\/page"}],"author":[{"embeddable":true,"href":"https:\/\/colegiomacdermont.edu.gt.edulinegt.com\/mac\/wp-json\/wp\/v2\/users\/1"}],"replies":[{"embeddable":true,"href":"https:\/\/colegiomacdermont.edu.gt.edulinegt.com\/mac\/wp-json\/wp\/v2\/comments?post=77"}],"version-history":[{"count":17,"href":"https:\/\/colegiomacdermont.edu.gt.edulinegt.com\/mac\/wp-json\/wp\/v2\/pages\/77\/revisions"}],"predecessor-version":[{"id":1573,"href":"https:\/\/colegiomacdermont.edu.gt.edulinegt.com\/mac\/wp-json\/wp\/v2\/pages\/77\/revisions\/1573"}],"wp:attachment":[{"href":"https:\/\/colegiomacdermont.edu.gt.edulinegt.com\/mac\/wp-json\/wp\/v2\/media?parent=77"}],"curies":[{"name":"wp","href":"https:\/\/api.w.org\/{rel}","templated":true}]}}