{"id":7,"date":"2020-11-30T14:05:20","date_gmt":"2020-11-30T14:05:20","guid":{"rendered":"https:\/\/colegiomacdermont.edu.gt.edulinegt.com\/mac\/home\/"},"modified":"2025-02-04T18:43:51","modified_gmt":"2025-02-04T18:43:51","slug":"home","status":"publish","type":"page","link":"https:\/\/colegiomacdermont.edu.gt.edulinegt.com\/mac\/home\/","title":{"rendered":"American Teaching System"},"content":{"rendered":"\n\n\n\n\n\n\n\n\n<p>Sobre nosotros<\/p>\n\n<h5 class=\"MsoNormal\" style=\"text-align:justify\"><span class=\"oypena\"><span style=\"font-size:12.0pt;mso-bidi-font-size:14.0pt;line-height:115%;color:black\">El\ncolegio fue fundado en 1,986 con el prop\u00f3sito de establecer un modelo biling\u00fce\nde instituci\u00f3n que contribuyera a la modernizaci\u00f3n del sistema educativo en\nGuatemala. Nuestra pol\u00edtica de calidad se basa en la gesti\u00f3n eficaz y ordenada\nde recursos por parte de personal altamente calificado, con el fin de\ngarantizar la formaci\u00f3n integral de los estudiantes y brindar atenci\u00f3n a las\nfamilias, siempre guiados por el respeto a la dignidad humana.<o:p><\/o:p><\/span><\/span><\/h5>\n<p><br><\/p>\n<p class=\"MsoNormal\" style=\"text-align:justify\"><span class=\"oypena\"><span style=\"font-size: 12pt; line-height: 115%;\">Todos\nnuestros estudiantes se preparan para dominar el ingl\u00e9s desde Nursery hasta\nBachillerato. Nuestro plan de estudios es completamente biling\u00fce, y aquellos\nnuevos alumnos que no dominen el idioma ingresan al programa de Arising, donde\nreciben nivelaci\u00f3n en ingl\u00e9s.<o:p><\/o:p><\/span><\/span><\/p>\n<p><br><\/p>\n<p class=\"MsoNormal\" style=\"text-align:justify\"><span class=\"oypena\"><o:p><\/o:p><\/span><\/p><p>\n\n\n\n<\/p><p class=\"MsoNormal\" style=\"text-align:justify\"><span class=\"oypena\"><strong>Ventajas<\/strong><\/span><\/p>\n<p class=\"MsoNormal\" style=\"text-align:justify\"><span class=\"oypena\"><span style=\"font-size: 12pt; line-height: 115%;\">Las\nventajas de esta formaci\u00f3n biling\u00fce son numerosas, ya que las competencias\ndigitales requieren cada vez m\u00e1s el dominio de este idioma para estudiar y\nprogresar profesionalmente.<o:p><\/o:p><\/span><\/span><\/p>\n<p><br><\/p>\n<p style=\"text-align: justify;\"><span style=\"font-size: 16px; text-align: justify;\">En nuestra instituci\u00f3n, nos enfocamos en preparar a nuestros estudiantes para enfrentar los desaf\u00edos del Siglo XXI, utilizando la era digital como una herramienta fundamental para el desarrollo de habilidades de ense\u00f1anza y conjuntos de habilidades f\u00e1cilmente cuantificables. Por un lado, los estudiantes adquieren habilidades duras a trav\u00e9s de la instrucci\u00f3n en el aula, la lectura de libros y otros materiales de capacitaci\u00f3n, as\u00ed como la experiencia laboral. Por otro lado, tambi\u00e9n nos centramos en el desarrollo de habilidades blandas, tambi\u00e9n conocidas como &#8216;habilidades de las personas&#8217; o &#8216;habilidades interpersonales&#8217;, las cuales son subjetivas y se relacionan con la forma en que interact\u00faan con otros en el entorno laboral. Estas habilidades incluyen trabajo en equipo, comunicaci\u00f3n efectiva, liderazgo, flexibilidad, negociaci\u00f3n y creatividad, entre otras.<\/span><br><\/p>\n<p><br><\/p>\n<p class=\"MsoNormal\" style=\"text-align:justify\"><span class=\"oypena\"><\/span><\/p><p class=\"MsoNormal\" style=\"text-align:justify\"><o:p><\/o:p><\/p><p class=\"MsoNormal\" style=\"text-align:justify\"><span style=\"font-size: 16px;\">Desde el a\u00f1o 2010, hemos implementado nuestra primera Escuela Preuniversitaria, donde los estudiantes de High School del Colegio MacDermont reciben cursos de preparaci\u00f3n adicional en el \u00e1rea de su inter\u00e9s vocacional (Cient\u00edfica o Human\u00edstica). El objetivo es elevar sus conocimientos y obtener mejores resultados en los ex\u00e1menes de admisi\u00f3n universitaria. Gracias a este programa, hemos logrado que el 100% de nuestros graduados sean admitidos en distintas universidades del pa\u00eds.<\/span><strong><br><\/strong><\/p>\n<p><br><\/p>\n\n\n<p><strong style=\"font-family: ABeeZee; font-size: medium;\">Karate<\/strong><br><\/p>\n<p><span style=\"font-family: ABeeZee; font-size: 16px; text-align: justify;\">El karate en la educaci\u00f3n es una herramienta poderosa que contribuye al desarrollo integral de los estudiantes. Esta disciplina no solo promueve la disciplina, la tolerancia y el respeto, sino que tambi\u00e9n mejora la coordinaci\u00f3n psicomotriz, los reflejos, la confianza, la autoestima, as\u00ed como la fuerza, el equilibrio, la velocidad y la flexibilidad. Adem\u00e1s, la pr\u00e1ctica del karate fomenta la concentraci\u00f3n, la memoria, la toma de decisiones y el pensamiento anal\u00edtico.<\/span><br><\/p>\n<p><br><\/p>\n<p class=\"MsoNormal\" style=\"text-align:justify\"><span class=\"oypena\"><span style=\"font-size: 12pt; line-height: 115%;\">De\nacuerdo con varios estudios y expertos en el tema, el karate no solo beneficia\nel aspecto f\u00edsico de los estudiantes, sino que tambi\u00e9n tiene un impacto\npositivo en su desarrollo emocional e intelectual. Los valores inculcados a\ntrav\u00e9s de la pr\u00e1ctica del karate, como el respeto y la disciplina, pueden tener\nefectos duraderos en la vida de los estudiantes, ayud\u00e1ndolos a convertirse en\nindividuos m\u00e1s equilibrados y seguros de s\u00ed mismos.<o:p><\/o:p><\/span><\/span><\/p>\n<p><br><\/p>\n<p class=\"MsoNormal\" style=\"text-align:justify\"><span style=\"font-size: 12pt; line-height: 115%;\">Adem\u00e1s de enfocarnos en\nel desarrollo cognitivo y f\u00edsico de los alumnos, tambi\u00e9n ponemos \u00e9nfasis en el\ndesarrollo de su inteligencia emocional. Esto implica trabajar en el\nreconocimiento y manejo de sus emociones, lo que contribuye a una mejor\ninteracci\u00f3n y desempe\u00f1o laboral. Seg\u00fan Daniel Goleman, reconocido por su\ntrabajo en inteligencia emocional, la capacidad de regular las emociones puede\nser incluso m\u00e1s importante que el coeficiente intelectual para alcanzar el\n\u00e9xito en la vida.<o:p><\/o:p><\/span><\/p>\n<p><br><\/p>\n<p class=\"MsoNormal\" style=\"text-align:justify\"><span style=\"font-size: 12pt; line-height: 115%;\">El desarrollo de la\ninteligencia emocional en los estudiantes no solo beneficia su bienestar\npersonal, sino que tambi\u00e9n puede tener un impacto positivo en su desempe\u00f1o\nacad\u00e9mico y laboral.<o:p><\/o:p><\/span><\/p>\n\n\n\n\n\n\n\nTestimoniales\n\n\nAlumnos\n\n\n\n\n\n\n\n\n\n<p style=\"font-family:roboto;font-size:15px;font-weight:500;color:#000;line-height:1.5\">&#8220;<span style=\"color: rgb(255, 255, 255); font-family: Roboto, sans-serif; font-size: 20px; font-style: italic; text-align: center; background-color: rgb(30, 115, 190);\"><\/span><span style=\"font-size: 12px;\">Hace 5 a\u00f1os tom\u00e9 una de las decisiones m\u00e1s importantes de mi vida y de la que nunca me arrepentir\u00e9, pertenecer a tan honorable instituci\u00f3n, para mi significaba mucho esfuerzo y sacrificio sin embargo puedo asegurar que todo ha valido la pena ya que gracias a ello observo diariamente los frutos en mi formaci\u00f3n universitaria, pero no lo logr\u00e9 sola ya que gracias a Dios estuve acompa\u00f1ada de buenos maestros y de buenas amistades que me apoyaron en todo momento y me impulsaron a seguir adelante. Mi experiencia en&nbsp;Colegio MacDermont&nbsp;realmente fue muy emocionante y la recordar\u00e9 con mucho cari\u00f1o porque adem\u00e1s de adquirir conocimientos invaluables, conoc\u00ed a personas incre\u00edbles que dejaron una huella en mi coraz\u00f3n y a las cuales jam\u00e1s olvidar\u00e9..&#8221;<\/span><\/p>\n\n\n<p style=\"font-family:roboto;font-size:15px;font-weight:500;color:#000;line-height:1.5\"><span style=\"font-size: 12px;\">&#8220;Mi experiencia en&nbsp;Colegio MacDermont&nbsp;podr\u00eda definirlo como un lugar donde logr\u00e9 adquirir muchos conocimientos en ingl\u00e9s, matem\u00e1ticas y otras materias, que me beneficiaron durante el transcurso de los a\u00f1os. Las bases fueron bien cimentadas, desde como hablar en p\u00fablico hasta la toma de decisiones de lo que yo quer\u00eda ser en un futuro, actualmente podr\u00eda mencionar que formo parte de un negocio propio e imparto clases en una Universidad prestigiosa. Me han preguntado \u00bfsi recomendar\u00eda a Colegio MacDermont&nbsp;?, definitivamente &nbsp;porque forma profesionales, ense\u00f1a valores, disciplina, puntualidad y el aprendizaje de otro idioma, MacDermont me ha llevado al camino del&nbsp;\u00c9xito.&#8221;<\/span><\/p>\n\n\n<p style=\"font-family:roboto;font-size:15px;font-weight:500;color:#000;line-height:1.5\"><span style=\"font-size: 12px;\">&#8220;Que significa Colegio MacDermont para mi, lo puedo definir en tres frases: 1) Familia, cada persona desde compa\u00f1eros hasta profesores y personal administrativo esta constantemente pendientes de uno y las relaciones postergan despu\u00e9s de graduarse convirti\u00e9ndose en m\u00e1s que amigos&nbsp; 2)&nbsp;Valores,&nbsp;en el colegio me ense\u00f1aron a ser \u00e9tico y a poner primero mis creencias ante cualquier aspecto. Esto me ha servido en mi vida profesional para trabajar siempre con rectitud en lo que hago. 3)&nbsp;\u00c9xito,&nbsp;buscar siempre ser mejor en las actividades que hago. Actualmente poseo dos licenciaturas, una maestr\u00eda en INCAE siendo parte del top 15 de la instituci\u00f3n&nbsp;y dirijo las operaciones de una multinacional y doy clases en varias universidades.&nbsp;<\/span><\/p>\n\n\n\n\n\n\n","protected":false},"excerpt":{"rendered":"","protected":false},"author":1,"featured_media":0,"parent":0,"menu_order":0,"comment_status":"closed","ping_status":"closed","template":"","meta":{"om_disable_all_campaigns":false},"_links":{"self":[{"href":"https:\/\/colegiomacdermont.edu.gt.edulinegt.com\/mac\/wp-json\/wp\/v2\/pages\/7"}],"collection":[{"href":"https:\/\/colegiomacdermont.edu.gt.edulinegt.com\/mac\/wp-json\/wp\/v2\/pages"}],"about":[{"href":"https:\/\/colegiomacdermont.edu.gt.edulinegt.com\/mac\/wp-json\/wp\/v2\/types\/page"}],"author":[{"embeddable":true,"href":"https:\/\/colegiomacdermont.edu.gt.edulinegt.com\/mac\/wp-json\/wp\/v2\/users\/1"}],"replies":[{"embeddable":true,"href":"https:\/\/colegiomacdermont.edu.gt.edulinegt.com\/mac\/wp-json\/wp\/v2\/comments?post=7"}],"version-history":[{"count":63,"href":"https:\/\/colegiomacdermont.edu.gt.edulinegt.com\/mac\/wp-json\/wp\/v2\/pages\/7\/revisions"}],"predecessor-version":[{"id":1468,"href":"https:\/\/colegiomacdermont.edu.gt.edulinegt.com\/mac\/wp-json\/wp\/v2\/pages\/7\/revisions\/1468"}],"wp:attachment":[{"href":"https:\/\/colegiomacdermont.edu.gt.edulinegt.com\/mac\/wp-json\/wp\/v2\/media?parent=7"}],"curies":[{"name":"wp","href":"https:\/\/api.w.org\/{rel}","templated":true}]}}