{"id":1505,"date":"2025-02-12T17:02:20","date_gmt":"2025-02-12T17:02:20","guid":{"rendered":"https:\/\/colegiomacdermont.edu.gt.edulinegt.com\/mac\/?page_id=1505"},"modified":"2025-02-12T20:24:05","modified_gmt":"2025-02-12T20:24:05","slug":"public-relations","status":"publish","type":"page","link":"https:\/\/colegiomacdermont.edu.gt.edulinegt.com\/mac\/public-relations\/","title":{"rendered":"Public Relations"},"content":{"rendered":"\n\n\n\n\n\n\n\n\n<span style=\"font-size:x-large;\"><p class=\"MsoNormal\">La Importancia del Curso de Relaciones P\u00fablicas en D\u00e9cimo y\nUnd\u00e9cimo Bachillerato en ingl\u00e9s&nbsp;<o:p><\/o:p><\/p><\/span><p class=\"MsoNormal\" style=\"text-align: left;\"><o:p><\/o:p><\/p>\n\n\n\n\n\n<p class=\"MsoNormal\" align=\"justify\" style=\"text-align:justify;text-justify:inter-ideograph;\"><span style=\"mso-spacerun:'yes';font-family:Calibri;mso-bidi-font-family:'Times New Roman';\nfont-size:14.0000pt;\">En un mundo cada vez m\u00e1s globalizado, las habilidades de comunicaci\u00f3n efectiva son cruciales para el \u00e9xito personal y profesional. Nuestro colegio se enorgullece de ofrecer el curso de Relaciones P\u00fablicas para estudiantes de d\u00e9cimo y und\u00e9cimo bachillerato, impartido completamente en ingl\u00e9s. Esta decisi\u00f3n no solo mejora la competencia ling\u00fc\u00edstica de nuestros j\u00f3venes, sino que tambi\u00e9n los prepara para destacar en entornos profesionales internacionales.<\/span><span style=\"mso-spacerun:'yes';font-family:Calibri;mso-bidi-font-family:'Times New Roman';\nfont-size:14.0000pt;\"><o:p><\/o:p><\/span><\/p>\n\n<p class=\"MsoNormal\" style=\"text-align:justify\"><span style=\"font-size:x-large;\">\u00bfQu\u00e9 Son las Relaciones P\u00fablicas?<\/span><o:p><\/o:p><\/p>\n\n<p class=\"MsoNormal\" align=\"justify\" style=\"text-align:justify;text-justify:inter-ideograph;\"><span style=\"mso-spacerun:'yes';font-family:Calibri;mso-bidi-font-family:'Times New Roman';\nfont-size:14.0000pt;\">Las Relaciones P\u00fablicas se centran en la gesti\u00f3n de la comunicaci\u00f3n entre una organizaci\u00f3n y su p\u00fablico objetivo. Abarcan diversas estrategias y t\u00e1cticas que ayudan a construir y mantener relaciones positivas. En nuestro curso, los estudiantes aprender\u00e1n c\u00f3mo manejar estas relaciones no solo a nivel local, sino tambi\u00e9n en contextos globales.<\/span><span style=\"mso-spacerun:'yes';font-family:Calibri;mso-bidi-font-family:'Times New Roman';\nfont-size:14.0000pt;\"><o:p><\/o:p><\/span><\/p>\n\n<p class=\"MsoNormal\" style=\"text-align:justify\"><span style=\"font-size:x-large;\">Beneficios del Curso<\/span><o:p><\/o:p><\/p>\n\n<span style=\"font-size:x-large;\"><p class=\"MsoNormal\"><span style=\"font-family: Calibri;\"><strong>Desarrollo de Habilidades de Comunicaci\u00f3n en Ingl\u00e9s:<\/strong><\/span><\/p><\/span><p class=\"MsoNormal\"><span style=\"mso-spacerun:'yes';font-family:Calibri;mso-bidi-font-family:'Times New Roman';\nmso-ansi-font-weight:bold;font-size:14.0000pt;\"><strong><\/strong><\/span><\/p>\n\n\n\n\n<p class=\"MsoNormal\" align=\"justify\" style=\"text-align:justify;text-justify:inter-ideograph;\"><span style=\"mso-spacerun:'yes';font-family:Calibri;mso-bidi-font-family:'Times New Roman';\nfont-size:14.0000pt;\">Al impartir el curso en ingl\u00e9s, los estudiantes mejoran sus habilidades ling\u00fc\u00edsticas, lo que les brinda una ventaja significativa en el mundo laboral. Desarrollar\u00e1n la capacidad de comunicar ideas de manera clara y efectiva en un segundo idioma.<span style=\"font-size:large;\"><\/span><\/span><span style=\"mso-spacerun:'yes';font-family:Calibri;mso-bidi-font-family:'Times New Roman';\nfont-size:14.0000pt;\"><o:p><\/o:p><\/span><\/p>\n\n<p class=\"MsoNormal\" style=\"text-align:justify\"><span style=\"font-size:11.0pt;line-height:115%;\nfont-family:&quot;Calibri&quot;,&quot;sans-serif&quot;;mso-ascii-theme-font:minor-latin;mso-fareast-font-family:\nCalibri;mso-fareast-theme-font:minor-latin;mso-hansi-theme-font:minor-latin;\nmso-bidi-font-family:&quot;Times New Roman&quot;;mso-bidi-theme-font:minor-bidi;\nmso-ansi-language:ES;mso-fareast-language:EN-US;mso-bidi-language:AR-SA\"><strong style=\"font-size: x-large;\">Gesti\u00f3n\nde la Imagen:&nbsp;<\/strong><\/span><\/p>\n\n<p class=\"MsoNormal\" align=\"justify\" style=\"text-align:justify;text-justify:inter-ideograph;\"><span style=\"mso-spacerun:'yes';font-family:Calibri;mso-bidi-font-family:'Times New Roman';\nfont-size:14.0000pt;\">Los alumnos aprender\u00e1n a gestionar la reputaci\u00f3n de organizaciones y marcas en un entorno global, comprendiendo la importancia de adaptarse a las diversas culturas y expectativas de los diferentes mercados.<\/span><span style=\"mso-spacerun:'yes';font-family:Calibri;mso-bidi-font-family:'Times New Roman';\nfont-size:14.0000pt;\"><o:p><\/o:p><\/span><\/p>\n\n<p class=\"MsoNormal\" style=\"text-align:justify\"><span style=\"font-size: x-large; line-height: 115%; font-family: Calibri, &quot;sans-serif&quot;;\"><strong>Manejo\nde Crisis:<\/strong><\/span><\/p>\n\n<p class=\"MsoNormal\" align=\"justify\" style=\"text-align:justify;text-justify:inter-ideograph;\"><span style=\"mso-spacerun:'yes';font-family:Calibri;mso-bidi-font-family:'Times New Roman';\nfont-size:14.0000pt;\">Con un enfoque pr\u00e1ctico, los estudiantes aprender\u00e1n a enfrentar situaciones desfavorables, desarrollando estrategias de comunicaci\u00f3n adecuadas a diferentes contextos culturales y profesionales.<span style=\"font-size:large;\"><\/span><\/span><span style=\"mso-spacerun:'yes';font-family:Calibri;mso-bidi-font-family:'Times New Roman';\nfont-size:14.0000pt;\"><o:p><\/o:p><\/span><\/p>\n\n<p class=\"MsoNormal\" style=\"text-align:justify\"><span style=\"font-size: x-large; line-height: 115%; font-family: Calibri, &quot;sans-serif&quot;;\"><strong>Participaci\u00f3n\nen Entrevistas y Negociaciones:&nbsp;<\/strong><\/span><\/p>\n\n<p class=\"MsoNormal\" style=\"text-align:justify\"><\/p><p class=\"MsoNormal\" align=\"justify\" style=\"text-align:justify;text-justify:inter-ideograph;\"><span style=\"mso-spacerun:'yes';font-family:Calibri;mso-bidi-font-family:'Times New Roman';\nfont-size:14.0000pt;\">&nbsp;El curso incluye formaci\u00f3n espec\u00edfica sobre c\u00f3mo participar en entrevistas laborales y negociaciones con \u00e9xito, ense\u00f1ando a los estudiantes las t\u00e1cticas m\u00e1s efectivas dependiendo del pa\u00eds y la cultura de los interlocutores.<\/span><span style=\"mso-spacerun:'yes';font-family:Calibri;mso-bidi-font-family:'Times New Roman';\nfont-size:14.0000pt;\"><o:p><\/o:p><\/span><\/p>\n\n<p class=\"MsoNormal\" style=\"text-align:justify\"><span style=\"font-size: x-large; line-height: 115%; font-family: Calibri, &quot;sans-serif&quot;;\"><strong>Conversaciones\nde Negocios por Tel\u00e9fono:&nbsp;<\/strong><\/span><\/p>\n\n<p class=\"MsoNormal\" style=\"text-align:justify\"><\/p><p class=\"MsoNormal\"><span style=\"mso-spacerun:'yes';font-family:Calibri;mso-bidi-font-family:'Times New Roman';\nfont-size:14.0000pt;\">Una parte esencial de la formaci\u00f3n son las pr\u00e1cticas de conversaci\u00f3n de negocios por tel\u00e9fono, donde los estudiantes desarrollan la confianza y habilidades necesarias para comunicarse en un contexto profesional y remoto.<\/span><\/p>\n\n<p class=\"MsoNormal\" style=\"text-align:justify\"><span style=\"font-size:11.0pt;line-height:115%;\nfont-family:&quot;Calibri&quot;,&quot;sans-serif&quot;;mso-ascii-theme-font:minor-latin;mso-fareast-font-family:\nCalibri;mso-fareast-theme-font:minor-latin;mso-hansi-theme-font:minor-latin;\nmso-bidi-font-family:&quot;Times New Roman&quot;;mso-bidi-theme-font:minor-bidi;\nmso-ansi-language:ES;mso-fareast-language:EN-US;mso-bidi-language:AR-SA\"><strong style=\"font-size: x-large;\">Creatividad\ne Innovaci\u00f3n:<\/strong><\/span><\/p>\n\n<p class=\"MsoNormal\" style=\"text-align:justify\"><\/p><p class=\"MsoNormal\"><span style=\"mso-spacerun:'yes';font-family:Calibri;mso-bidi-font-family:'Times New Roman';\nfont-size:14.0000pt;\">El curso invita a los estudiantes a dise\u00f1ar campa\u00f1as de comunicaci\u00f3n y promocionales, fomentando su capacidad de innovaci\u00f3n y pensamiento cr\u00edtico en un idioma globalmente utilizado.<\/span><\/p>\n\n<p class=\"MsoNormal\" style=\"text-align:justify\"><span style=\"font-size:11.0pt;line-height:115%;\nfont-family:&quot;Calibri&quot;,&quot;sans-serif&quot;;mso-ascii-theme-font:minor-latin;mso-fareast-font-family:\nCalibri;mso-fareast-theme-font:minor-latin;mso-hansi-theme-font:minor-latin;\nmso-bidi-font-family:&quot;Times New Roman&quot;;mso-bidi-theme-font:minor-bidi;\nmso-ansi-language:ES;mso-fareast-language:EN-US;mso-bidi-language:AR-SA\"><strong style=\"font-size: x-large;\">Preparaci\u00f3n\nProfesional:&nbsp;<\/strong><\/span><\/p>\n\n<p class=\"MsoNormal\" style=\"text-align:justify\"><\/p><p class=\"MsoNormal\" align=\"justify\" style=\"text-align:justify;text-justify:inter-ideograph;\"><span style=\"mso-spacerun:'yes';font-family:Calibri;mso-bidi-font-family:'Times New Roman';\nfont-size:14.0000pt;\">Al finalizar el curso, los estudiantes estar\u00e1n mejor preparados para ingresar a un entorno laboral internacional. Comprender los fundamentos de las relaciones p\u00fablicas y c\u00f3mo aplicarlos en ingl\u00e9s les proporcionar\u00e1 una ventaja competitiva invaluable en sus futuras carreras.<\/span><span style=\"mso-spacerun:'yes';font-family:Calibri;mso-bidi-font-family:'Times New Roman';\nfont-size:14.0000pt;\"><o:p><\/o:p><\/span><\/p>\n\n<p class=\"MsoNormal\" style=\"text-align:justify\"><span style=\"font-size:11.0pt;line-height:115%;\nfont-family:&quot;Calibri&quot;,&quot;sans-serif&quot;;mso-ascii-theme-font:minor-latin;mso-fareast-font-family:\nCalibri;mso-fareast-theme-font:minor-latin;mso-hansi-theme-font:minor-latin;\nmso-bidi-font-family:&quot;Times New Roman&quot;;mso-bidi-theme-font:minor-bidi;\nmso-ansi-language:ES;mso-fareast-language:EN-US;mso-bidi-language:AR-SA\"><strong style=\"font-size: x-large;\">Un\nEnfoque Pr\u00e1ctico y Te\u00f3rico:&nbsp;<\/strong><\/span><\/p>\n\n<p class=\"MsoNormal\" style=\"text-align:justify\"><\/p><p class=\"MsoNormal\" align=\"justify\" style=\"text-align:justify;text-justify:inter-ideograph;\"><span style=\"mso-spacerun:'yes';font-family:Calibri;mso-bidi-font-family:'Times New Roman';\nfont-size:14.0000pt;\">&nbsp;El curso de Relaciones P\u00fablicas combina teor\u00eda y pr\u00e1ctica, garantizando una comprensi\u00f3n s\u00f3lida de los conceptos junto con su aplicaci\u00f3n en situaciones reales. Los estudiantes participar\u00e1n en proyectos que les permitir\u00e1n practicar las habilidades adquiridas, tanto en ingl\u00e9s como en contextos multiculturales.<\/span><span style=\"mso-spacerun:'yes';font-family:Calibri;mso-bidi-font-family:'Times New Roman';\nfont-size:14.0000pt;\"><o:p><\/o:p><\/span><\/p>\n\n<p class=\"MsoNormal\" style=\"text-align:justify\"><span style=\"font-size:x-large;\">Conclusi\u00f3n<\/span><o:p><\/o:p><\/p>\n\n<p class=\"MsoNormal\" style=\"text-align:justify\"><\/p><span style=\"font-size:large;\"><p class=\"MsoNormal\" align=\"justify\" style=\"text-align:justify;text-justify:inter-ideograph;\"><span style=\"mso-spacerun:'yes';font-family:Calibri;mso-bidi-font-family:'Times New Roman';\nfont-size:14.0000pt;\">El curso de Relaciones P\u00fablicas en ingl\u00e9s es fundamental para los estudiantes de d\u00e9cimo y und\u00e9cimo bachillerato, les proporciona herramientas clave para comunicarse de manera efectiva en un mundo profesional diverso. Al invertir en estas habilidades, nuestros j\u00f3venes no solo se preparan para una carrera exitosa, sino que tambi\u00e9n se convierten en ciudadanos globales competentes y seguros de s\u00ed mismos.<\/span><span style=\"mso-spacerun:'yes';font-family:Calibri;mso-bidi-font-family:'Times New Roman';\nfont-size:14.0000pt;\"><o:p><\/o:p><\/span><\/p><p class=\"MsoNormal\" align=\"justify\" style=\"text-align:justify;text-justify:inter-ideograph;\"><span style=\"mso-spacerun:'yes';font-family:Calibri;mso-bidi-font-family:'Times New Roman';\nfont-size:14.0000pt;\">Invitamos a todos los estudiantes a aprovechar esta oportunidad \u00fanica, desarrollando su competencia en relaciones p\u00fablicas y mejorando su comunicaci\u00f3n en un entorno internacional. Este curso es un paso hacia un futuro prometedor, donde las habilidades de comunicaci\u00f3n en el idioma ingl<\/span><span style=\"mso-spacerun:'yes';font-family:Calibri;font-size:14.0000pt;\">\u00e9<\/span><span style=\"mso-spacerun:'yes';font-family:Calibri;mso-bidi-font-family:'Times New Roman';\nfont-size:14.0000pt;\">s son esenciales para alcanzar el \u00e9xito.<\/span><span style=\"mso-spacerun:'yes';font-family:Calibri;mso-bidi-font-family:'Times New Roman';\nfont-size:14.0000pt;\"><o:p><\/o:p><\/span><\/p><\/span>\n\n\n\n\n\n\n\n\n\n\n\n","protected":false},"excerpt":{"rendered":"","protected":false},"author":3,"featured_media":0,"parent":0,"menu_order":0,"comment_status":"closed","ping_status":"closed","template":"","meta":{"om_disable_all_campaigns":false},"_links":{"self":[{"href":"https:\/\/colegiomacdermont.edu.gt.edulinegt.com\/mac\/wp-json\/wp\/v2\/pages\/1505"}],"collection":[{"href":"https:\/\/colegiomacdermont.edu.gt.edulinegt.com\/mac\/wp-json\/wp\/v2\/pages"}],"about":[{"href":"https:\/\/colegiomacdermont.edu.gt.edulinegt.com\/mac\/wp-json\/wp\/v2\/types\/page"}],"author":[{"embeddable":true,"href":"https:\/\/colegiomacdermont.edu.gt.edulinegt.com\/mac\/wp-json\/wp\/v2\/users\/3"}],"replies":[{"embeddable":true,"href":"https:\/\/colegiomacdermont.edu.gt.edulinegt.com\/mac\/wp-json\/wp\/v2\/comments?post=1505"}],"version-history":[{"count":5,"href":"https:\/\/colegiomacdermont.edu.gt.edulinegt.com\/mac\/wp-json\/wp\/v2\/pages\/1505\/revisions"}],"predecessor-version":[{"id":1518,"href":"https:\/\/colegiomacdermont.edu.gt.edulinegt.com\/mac\/wp-json\/wp\/v2\/pages\/1505\/revisions\/1518"}],"wp:attachment":[{"href":"https:\/\/colegiomacdermont.edu.gt.edulinegt.com\/mac\/wp-json\/wp\/v2\/media?parent=1505"}],"curies":[{"name":"wp","href":"https:\/\/api.w.org\/{rel}","templated":true}]}}