{"id":1490,"date":"2025-02-10T19:51:28","date_gmt":"2025-02-10T19:51:28","guid":{"rendered":"https:\/\/colegiomacdermont.edu.gt.edulinegt.com\/mac\/?page_id=1490"},"modified":"2025-02-12T20:41:05","modified_gmt":"2025-02-12T20:41:05","slug":"desarrollo-humano","status":"publish","type":"page","link":"https:\/\/colegiomacdermont.edu.gt.edulinegt.com\/mac\/desarrollo-humano\/","title":{"rendered":"Desarrollo Humano"},"content":{"rendered":"\n\n\n\n\n\n\n\n\n<span style=\"font-size:x-large;\"><p class=\"MsoNormal\" align=\"justify\" style=\"text-align:justify;text-justify:inter-ideograph;\"><span style=\"font-family: Calibri;\"><strong>La Importancia del Curso de Desarrollo Humano en Nuestro Colegio<\/strong><\/span><\/p><\/span><p class=\"MsoNormal\" align=\"justify\" style=\"text-align:justify;text-justify:inter-ideograph;\"><span style=\"mso-spacerun:'yes';font-family:Calibri;mso-bidi-font-family:'Times New Roman';\nmso-ansi-font-weight:bold;font-size:10.0000pt;\"><strong><\/strong><\/span><strong><span style=\"mso-spacerun:'yes';font-family:Calibri;mso-bidi-font-family:'Times New Roman';\nmso-ansi-font-weight:bold;font-size:10.0000pt;\"><o:p><\/o:p><\/span><\/strong><\/p>\n\n\n\n\n\n\n<p class=\"MsoNormal\" align=\"justify\" style=\"text-align:justify;text-justify:inter-ideograph;\"><span style=\"font-family: Calibri; font-size: large;\">En el mundo actual, la educaci\u00f3n va m\u00e1s all\u00e1 de los conocimientos acad\u00e9micos. En nuestro colegio, hemos integrado el curso de Desarrollo Humano en el curr\u00edculo desde primero hasta und\u00e9cimo bachillerato, reconociendo la necesidad de formar no solo estudiantes competentes, sino tambi\u00e9n personas completas y conscientes.<\/span><span style=\"mso-spacerun:'yes';font-family:Calibri;mso-bidi-font-family:'Times New Roman';\nfont-size:10.0000pt;\"><o:p><\/o:p><\/span><\/p>\n\n\n<span style=\"font-size:x-large;\"><p class=\"MsoNormal\" align=\"justify\" style=\"text-align:justify;text-justify:inter-ideograph;\"><span style=\"font-family: Calibri;\"><strong>\u00bfQu\u00e9 es el Desarrollo Humano?<\/strong><\/span><\/p><\/span><p class=\"MsoNormal\" align=\"justify\" style=\"text-align:justify;text-justify:inter-ideograph;\"><span style=\"mso-spacerun:'yes';font-family:Calibri;mso-bidi-font-family:'Times New Roman';\nmso-ansi-font-weight:bold;font-size:10.0000pt;\"><strong><\/strong><\/span><strong><span style=\"mso-spacerun:'yes';font-family:Calibri;mso-bidi-font-family:'Times New Roman';\nmso-ansi-font-weight:bold;font-size:10.0000pt;\"><o:p><\/o:p><\/span><\/strong><\/p>\n\n\n<p class=\"MsoNormal\" align=\"justify\" style=\"text-align:justify;text-justify:inter-ideograph;\"><span style=\"font-family: Calibri; font-size: large;\">El Desarrollo Humano es un campo que se centra en el crecimiento personal y social de los individuos, promoviendo habilidades emocionales, sociales y \u00e9ticas. Este curso est\u00e1 dise\u00f1ado para ayudar a los estudiantes a desarrollarse en m\u00faltiples dimensiones, favoreciendo su bienestar integral.<\/span><span style=\"mso-spacerun:'yes';font-family:Calibri;mso-bidi-font-family:'Times New Roman';\nfont-size:10.0000pt;\"><o:p><\/o:p><\/span><\/p>\n\n\n\n\n\n\n<span style=\"font-size:x-large;\"><p class=\"MsoNormal\" align=\"justify\" style=\"text-align:justify;text-justify:inter-ideograph;\"><span style=\"font-family: Calibri;\"><strong>Beneficios del Curso<\/strong><\/span><\/p><\/span><p class=\"MsoNormal\" align=\"justify\" style=\"text-align:justify;text-justify:inter-ideograph;\"><span style=\"mso-spacerun:'yes';font-family:Calibri;mso-bidi-font-family:'Times New Roman';\nmso-ansi-font-weight:bold;font-size:10.0000pt;\"><strong><\/strong><\/span><strong><span style=\"mso-spacerun:'yes';font-family:Calibri;mso-bidi-font-family:'Times New Roman';\nmso-ansi-font-weight:bold;font-size:10.0000pt;\">\t<\/span><\/strong><strong><span style=\"mso-spacerun:'yes';font-family:Calibri;mso-bidi-font-family:'Times New Roman';\nmso-ansi-font-weight:bold;font-size:10.0000pt;\"><o:p><\/o:p><\/span><\/strong><\/p>\n\n\n<p class=\"MsoNormal\" align=\"justify\" style=\"text-align:justify;text-justify:inter-ideograph;\"><strong><span style=\"mso-spacerun:'yes';font-family:Calibri;mso-bidi-font-family:'Times New Roman';\nmso-ansi-font-weight:bold;font-size:10.0000pt;\"><\/span><\/strong><span style=\"font-size:large;\"><strong><span style=\"font-family: Calibri;\"><strong style=\"font-size: x-large;\">Autoconocimiento<\/strong>:<\/span><\/strong><span style=\"font-family: Calibri;\">&nbsp;<span style=\"font-size:large;\">Los estudiantes aprenden a identificar sus emociones, valores y metas, lo que les ayuda a construir una identidad s\u00f3lida y a tomar decisiones alineadas con su prop\u00f3sito personal.<\/span><\/span><\/span><span style=\"mso-spacerun:'yes';font-family:Calibri;mso-bidi-font-family:'Times New Roman';\nfont-size:10.0000pt;\"><\/span><span style=\"mso-spacerun:'yes';font-family:Calibri;mso-bidi-font-family:'Times New Roman';\nfont-size:10.0000pt;\"><o:p><\/o:p><\/span><\/p>\n\n\n<p class=\"MsoNormal\" align=\"justify\" style=\"text-align:justify;text-justify:inter-ideograph;\"><span style=\"mso-spacerun:'yes';font-family:Calibri;mso-bidi-font-family:'Times New Roman';\nmso-ansi-font-weight:bold;font-size:10.0000pt;\"><strong><\/strong><\/span><span style=\"font-size:x-large;\"><span style=\"font-family: Calibri;\"><strong>Habilidades Interpersonales<\/strong><\/span><span style=\"font-family: Calibri;\"><strong>:<\/strong><\/span><\/span><span style=\"mso-spacerun:'yes';font-family:Calibri;mso-bidi-font-family:'Times New Roman';\nfont-size:10.0000pt;\"><span style=\"font-size:large;\"> El curso fomenta la empat\u00eda, la comunicaci\u00f3n efectiva y el trabajo en equipo. Estas competencias son fundamentales no solo en el \u00e1mbito escolar, sino tambi\u00e9n en la vida cotidiana y profesional.<\/span><\/span><span style=\"mso-spacerun:'yes';font-family:Calibri;mso-bidi-font-family:'Times New Roman';\nfont-size:10.0000pt;\"><o:p><\/o:p><\/span><\/p>\n\n\n<p class=\"MsoNormal\" align=\"justify\" style=\"text-align:justify;text-justify:inter-ideograph;\"><b><span style=\"mso-spacerun:'yes';font-family:Calibri;mso-bidi-font-family:'Times New Roman';\nmso-ansi-font-weight:bold;font-size:10.0000pt;\"><\/span><\/b><span style=\"font-size:x-large;\"><b><span style=\"font-family: Calibri;\">Resoluci\u00f3n de Conflictos<\/span><\/b><span style=\"font-family: Calibri;\">: <\/span><\/span><span style=\"font-family: Calibri; font-size: large;\">A trav\u00e9s de din\u00e1micas grupales y estudio de situaciones, los j\u00f3venes desarrollan estrategias para resolver conflictos de manera pac\u00edfica y constructiva, lo que contribuye a un ambiente escolar m\u00e1s armonioso.<\/span><span style=\"mso-spacerun:'yes';font-family:Calibri;mso-bidi-font-family:'Times New Roman';\nfont-size:10.0000pt;\"><o:p><\/o:p><\/span><\/p>\n\n\n<p class=\"MsoNormal\" align=\"justify\" style=\"text-align:justify;text-justify:inter-ideograph;\"><span style=\"font-family: Calibri; font-size: x-large;\"><strong>Conciencia Social:<\/strong><\/span><span style=\"mso-spacerun:'yes';font-family:Calibri;mso-bidi-font-family:'Times New Roman';\nfont-size:10.0000pt;\">&nbsp;<span style=\"font-size:large;\">El desarrollo de una perspectiva cr\u00edtica sobre la realidad social promueve el compromiso y la responsabilidad social. Los estudiantes aprenden sobre la importancia de contribuir positivamente a su comunidad.<\/span><\/span><span style=\"mso-spacerun:'yes';font-family:Calibri;mso-bidi-font-family:'Times New Roman';\nfont-size:10.0000pt;\"><o:p><\/o:p><\/span><\/p>\n\n\n<p class=\"MsoNormal\" align=\"justify\" style=\"text-align:justify;text-justify:inter-ideograph;\"><strong><span style=\"mso-spacerun:'yes';font-family:Calibri;mso-bidi-font-family:'Times New Roman';\nmso-ansi-font-weight:bold;font-size:10.0000pt;\"><span style=\"font-size:x-large;\"><strong>Salud Emocional<\/strong><\/span>:<\/span><\/strong><span style=\"mso-spacerun:'yes';font-family:Calibri;mso-bidi-font-family:'Times New Roman';\nfont-size:10.0000pt;\">&nbsp;<span style=\"font-size:large;\">El curso incluye herramientas para manejar el estr\u00e9s y la ansiedad, promoviendo la salud mental y emocional de los estudiantes. Esto es crucial en un mundo que cada vez presenta m\u00e1s desaf\u00edos y presi\u00f3n.<\/span><\/span><span style=\"mso-spacerun:'yes';font-family:Calibri;mso-bidi-font-family:'Times New Roman';\nfont-size:10.0000pt;\"><o:p><\/o:p><\/span><\/p>\n\n\n<p class=\"MsoNormal\" align=\"justify\" style=\"text-align:justify;text-justify:inter-ideograph;\"><strong><span style=\"mso-spacerun:'yes';font-family:Calibri;mso-bidi-font-family:'Times New Roman';\nmso-ansi-font-weight:bold;font-size:10.0000pt;\"><\/span><\/strong><\/p><span style=\"font-size:x-large;\"><p class=\"MsoNormal\" align=\"justify\" style=\"text-align:justify;text-justify:inter-ideograph;\"><span style=\"font-family: Calibri;\"><strong>Un Enfoque Integral<\/strong><\/span><strong><span style=\"font-family: Calibri;\"><o:p><\/o:p><\/span><\/strong><\/p><p class=\"MsoNormal\" align=\"justify\" style=\"text-align:justify;text-justify:inter-ideograph;\"><\/p><\/span><p class=\"MsoNormal\" align=\"justify\" style=\"text-align:justify;text-justify:inter-ideograph;\"><span style=\"font-family: Calibri; font-size: large;\">Impartir el curso de Desarrollo Humano a lo largo de toda la trayectoria educativa en nuestro colegio asegura que cada estudiante tenga la oportunidad de ser guiado y apoyado en su crecimiento. Los temas tratados son relevantes y se adaptan a las necesidades cambiantes de los adolescentes, lo que garantiza un aprendizaje significativo.<\/span><span style=\"mso-spacerun:'yes';font-family:Calibri;mso-bidi-font-family:'Times New Roman';\nfont-size:10.0000pt;\"><o:p><\/o:p><\/span><\/p>\n\n\n<span style=\"font-size:x-large;\"><p class=\"MsoNormal\"><span style=\"font-family: Calibri;\"><span style=\"\"><strong>Conclusi\u00f3n<\/strong><\/span><\/span><\/p><\/span><p class=\"MsoNormal\"><span style=\"mso-spacerun:'yes';font-family:Calibri;mso-bidi-font-family:'Times New Roman';\nfont-size:13.0000pt;\"><span style=\"font-size: x-large;\"><strong><\/strong><\/span><\/span><\/p>\n\n\n<p class=\"MsoNormal\" align=\"justify\" style=\"text-align:justify;text-justify:inter-ideograph;\"><span style=\"mso-spacerun:'yes';font-family:Calibri;mso-bidi-font-family:'Times New Roman';\nfont-size:10.0000pt;\"><\/span><\/p><span style=\"font-size:large;\"><p class=\"MsoNormal\" align=\"justify\" style=\"text-align:justify;text-justify:inter-ideograph;\"><span style=\"font-family: Calibri;\">La inclusi\u00f3n del curso de Desarrollo Humano demuestra nuestro compromiso con la formaci\u00f3n integral de nuestros estudiantes. En un mundo en constante cambio, es esencial que cada joven no solo est\u00e9 preparado acad\u00e9micamente, sino que tambi\u00e9n posea las herramientas necesarias para enfrentar la vida con resiliencia y empat\u00eda. Este curso es una inversi\u00f3n en su futuro y en la construcci\u00f3n de una sociedad m\u00e1s justa y compasiva.<\/span><span style=\"font-family: Calibri;\"><o:p><\/o:p><\/span><\/p><p class=\"MsoNormal\" align=\"justify\" style=\"text-align:justify;text-justify:inter-ideograph;\"><\/p><\/span><p class=\"MsoNormal\" align=\"justify\" style=\"text-align:justify;text-justify:inter-ideograph;\"><span style=\"font-family: Calibri; font-size: large;\">Invitamos a toda la comunidad escolar a valorar y apoyar esta importante iniciativa, que sin duda impactar\u00e1 positivamente en la vida de nuestros estudiantes y en el tejido social de nuestra comunidad.<\/span><span style=\"mso-spacerun:'yes';font-family:Calibri;mso-bidi-font-family:'Times New Roman';\nfont-size:10.0000pt;\"><o:p><\/o:p><\/span><\/p>\n\n\n\n\n\n\n\n\n\n\n<p style=\"font-size: x-large;\"><strong style=\"font-size: x-large;\">Encuentro Gente Joven 9no. Grado y 11vo. Bachillerato<\/strong><\/p>\n\n\n\n\n\n\n\n","protected":false},"excerpt":{"rendered":"","protected":false},"author":3,"featured_media":0,"parent":0,"menu_order":0,"comment_status":"closed","ping_status":"closed","template":"","meta":{"om_disable_all_campaigns":false},"_links":{"self":[{"href":"https:\/\/colegiomacdermont.edu.gt.edulinegt.com\/mac\/wp-json\/wp\/v2\/pages\/1490"}],"collection":[{"href":"https:\/\/colegiomacdermont.edu.gt.edulinegt.com\/mac\/wp-json\/wp\/v2\/pages"}],"about":[{"href":"https:\/\/colegiomacdermont.edu.gt.edulinegt.com\/mac\/wp-json\/wp\/v2\/types\/page"}],"author":[{"embeddable":true,"href":"https:\/\/colegiomacdermont.edu.gt.edulinegt.com\/mac\/wp-json\/wp\/v2\/users\/3"}],"replies":[{"embeddable":true,"href":"https:\/\/colegiomacdermont.edu.gt.edulinegt.com\/mac\/wp-json\/wp\/v2\/comments?post=1490"}],"version-history":[{"count":5,"href":"https:\/\/colegiomacdermont.edu.gt.edulinegt.com\/mac\/wp-json\/wp\/v2\/pages\/1490\/revisions"}],"predecessor-version":[{"id":1528,"href":"https:\/\/colegiomacdermont.edu.gt.edulinegt.com\/mac\/wp-json\/wp\/v2\/pages\/1490\/revisions\/1528"}],"wp:attachment":[{"href":"https:\/\/colegiomacdermont.edu.gt.edulinegt.com\/mac\/wp-json\/wp\/v2\/media?parent=1490"}],"curies":[{"name":"wp","href":"https:\/\/api.w.org\/{rel}","templated":true}]}}