{"id":1472,"date":"2025-02-10T11:58:48","date_gmt":"2025-02-10T11:58:48","guid":{"rendered":"https:\/\/colegiomacdermont.edu.gt.edulinegt.com\/mac\/?page_id=1472"},"modified":"2025-02-11T18:39:02","modified_gmt":"2025-02-11T18:39:02","slug":"karate-2","status":"publish","type":"page","link":"https:\/\/colegiomacdermont.edu.gt.edulinegt.com\/mac\/karate-2\/","title":{"rendered":"Karate"},"content":{"rendered":"\n\n\n\n\n\n\n\n\n<p class=\"MsoNormal\" align=\"justify\" style=\"text-align:justify;text-justify:inter-ideograph;\"><span style=\"mso-spacerun:'yes';font-family:Calibri;mso-bidi-font-family:'Times New Roman';\nfont-size:13.0000pt;\"><strong style=\"font-size: x-large;\">La Importancia del Karate en la Educaci\u00f3n<\/strong><\/span><span style=\"mso-spacerun:'yes';font-family:Calibri;mso-bidi-font-family:'Times New Roman';\nfont-size:13.0000pt;\"><o:p><\/o:p><\/span><\/p>\n\n\n\n\n\n\n<p class=\"MsoNormal\" align=\"justify\" style=\"text-align:justify;text-justify:inter-ideograph;\"><span style=\"font-family: Calibri; font-size: large;\">El karate es m\u00e1s que un arte marcial; es una herramienta valiosa en el desarrollo integral de nuestros estudiantes. Al practicar karate, los alumnos no solo aprenden t\u00e9cnicas de defensa personal, sino que tambi\u00e9n incorporan una serie de valores y habilidades que son esenciales para su formaci\u00f3n personal y acad\u00e9mica.<\/span><\/p>\n\n\n<p class=\"MsoNormal\" align=\"justify\" style=\"text-align:justify;text-justify:inter-ideograph;\"><span style=\"mso-spacerun:'yes';font-family:Calibri;mso-bidi-font-family:'Times New Roman';\nfont-size:13.0000pt;\"><strong style=\"font-size: x-large;\">Fomento de la Disciplina<\/strong><\/span><span style=\"mso-spacerun:'yes';font-family:Calibri;mso-bidi-font-family:'Times New Roman';\nfont-size:13.0000pt;\"><o:p><\/o:p><\/span><\/p>\n\n\n<p class=\"MsoNormal\" align=\"justify\" style=\"text-align:justify;text-justify:inter-ideograph;\"><span style=\"font-family: Calibri; font-size: large;\">El karate es m\u00e1s que un arte marcial; es una herramienta valiosa en el desarrollo integral de nuestros estudiantes. Al practicar karate, los alumnos no solo aprenden t\u00e9cnicas de defensa personal, sino que tambi\u00e9n incorporan una serie de valores y habilidades que son esenciales para su formaci\u00f3n personal y acad\u00e9mica.<\/span><\/p>\n\n\n\n\n\n\n<p class=\"MsoNormal\" align=\"justify\" style=\"text-align:justify;text-justify:inter-ideograph;\"><span style=\"font-family: Calibri; font-size: x-large;\">Mejora de la Concentraci\u00f3n<\/span><\/p>\n\n\n<p class=\"MsoNormal\" align=\"justify\" style=\"text-align:justify;text-justify:inter-ideograph;\"><span style=\"font-family: Calibri; font-size: large;\">La pr\u00e1ctica del karate exige atenci\u00f3n y concentraci\u00f3n, lo que ayuda a los estudiantes a desarrollar habilidades cognitivas que les permiten mejorar su rendimiento acad\u00e9mico. Aprender a centrar la mente en la ejecuci\u00f3n de movimientos complejos tambi\u00e9n puede reflejarse en su capacidad para enfocarse en clase.<\/span><span style=\"mso-spacerun:'yes';font-family:Calibri;mso-bidi-font-family:'Times New Roman';\nfont-size:13.0000pt;\"><o:p><\/o:p><\/span><\/p>\n\n\n<p class=\"MsoNormal\" align=\"justify\" style=\"text-align:justify;text-justify:inter-ideograph;\"><span style=\"mso-spacerun:'yes';font-family:Calibri;mso-bidi-font-family:'Times New Roman';\nfont-size:13.0000pt;\"><strong style=\"font-size: x-large;\">Desarrollo de la Confianza<\/strong><\/span><span style=\"mso-spacerun:'yes';font-family:Calibri;mso-bidi-font-family:'Times New Roman';\nfont-size:13.0000pt;\"><o:p><\/o:p><\/span><\/p>\n\n\n<p class=\"MsoNormal\" align=\"justify\" style=\"text-align:justify;text-justify:inter-ideograph;\"><span style=\"font-family: Calibri; font-size: large;\">A trav\u00e9s de la superaci\u00f3n de retos y la consecuci\u00f3n de metas dentro del dojo, los estudiantes ganan confianza en s\u00ed mismos. Este aumento en la autoestima se traduce en una mayor participaci\u00f3n en actividades escolares y en una disposici\u00f3n m\u00e1s positiva hacia el aprendizaje.<\/span><span style=\"mso-spacerun:'yes';font-family:Calibri;mso-bidi-font-family:'Times New Roman';\nfont-size:13.0000pt;\"><o:p><\/o:p><\/span><\/p>\n\n<p class=\"MsoNormal\" align=\"justify\" style=\"text-align:justify;text-justify:inter-ideograph;\"><span style=\"mso-spacerun:'yes';font-family:Calibri;mso-bidi-font-family:'Times New Roman';\nfont-size:13.0000pt;\"><strong style=\"font-size: x-large;\">Promoci\u00f3n de la Educaci\u00f3n F\u00edsica y Salud.<\/strong><\/span><span style=\"mso-spacerun:'yes';font-family:Calibri;mso-bidi-font-family:'Times New Roman';\nfont-size:13.0000pt;\"><o:p><\/o:p><\/span><\/p>\n\n<p class=\"MsoNormal\" align=\"justify\" style=\"text-align:justify;text-justify:inter-ideograph;\"><span style=\"font-family: Calibri; font-size: large;\">El karate fomenta un estilo de vida activo y saludable. A trav\u00e9s del entrenamiento, los alumnos mejoran su condici\u00f3n f\u00edsica, lo que contribuye no solo a su bienestar, sino tambi\u00e9n a su capacidad para afrontar el estr\u00e9s y las presiones acad\u00e9micas.<\/span><span style=\"mso-spacerun:'yes';font-family:Calibri;mso-bidi-font-family:'Times New Roman';\nfont-size:13.0000pt;\"><o:p><\/o:p><\/span><\/p>\n\n\n<p class=\"MsoNormal\" align=\"justify\" style=\"text-align:justify;text-justify:inter-ideograph;\"><span style=\"mso-spacerun:'yes';font-family:Calibri;mso-bidi-font-family:'Times New Roman';\nfont-size:13.0000pt;\"><strong style=\"font-size: x-large;\">Valores de Respeto y Trabajo en Equipo<\/strong><\/span><span style=\"mso-spacerun:'yes';font-family:Calibri;mso-bidi-font-family:'Times New Roman';\nfont-size:13.0000pt;\"><o:p><\/o:p><\/span><\/p>\n\n\n<p class=\"MsoNormal\" align=\"justify\" style=\"text-align:justify;text-justify:inter-ideograph;\"><span style=\"font-family: Calibri; font-size: large;\">El karate ense\u00f1a el respeto hacia los dem\u00e1s, sin importar su nivel de habilidad. Los estudiantes aprenden a valorar las diferencias y a trabajar en equipo, habilidades que son fundamentales en el ambiente escolar y en la vida cotidiana.<\/span><span style=\"mso-spacerun:'yes';font-family:Calibri;mso-bidi-font-family:'Times New Roman';\nfont-size:13.0000pt;\"><o:p><\/o:p><\/span><\/p>\n\n\n<p class=\"MsoNormal\"><span style=\"mso-spacerun:'yes';font-family:Calibri;mso-bidi-font-family:'Times New Roman';\nfont-size:13.0000pt;\"><span style=\"font-size: x-large;\">Conclusi\u00f3n<\/span><\/span><\/p>\n\n\n<p class=\"MsoNormal\" align=\"justify\" style=\"text-align:justify;text-justify:inter-ideograph;\"><span style=\"font-family: Calibri; font-size: large;\">Incorporar el karate en el curr\u00edculo escolar no solo aporta beneficios f\u00edsicos, sino que tambi\u00e9n nutre el desarrollo emocional y social de los estudiantes. En nuestro colegio, creemos que el karate es un pilar esencial en la formaci\u00f3n de j\u00f3venes \u00edntegros, seguros y respetuosos.<\/span><span style=\"mso-spacerun:'yes';font-family:Calibri;mso-bidi-font-family:'Times New Roman';\nfont-size:13.0000pt;\"><o:p><\/o:p><\/span><\/p>\n\n\n\n\n\n\n\n\n","protected":false},"excerpt":{"rendered":"","protected":false},"author":3,"featured_media":0,"parent":0,"menu_order":0,"comment_status":"closed","ping_status":"closed","template":"","meta":{"om_disable_all_campaigns":false},"_links":{"self":[{"href":"https:\/\/colegiomacdermont.edu.gt.edulinegt.com\/mac\/wp-json\/wp\/v2\/pages\/1472"}],"collection":[{"href":"https:\/\/colegiomacdermont.edu.gt.edulinegt.com\/mac\/wp-json\/wp\/v2\/pages"}],"about":[{"href":"https:\/\/colegiomacdermont.edu.gt.edulinegt.com\/mac\/wp-json\/wp\/v2\/types\/page"}],"author":[{"embeddable":true,"href":"https:\/\/colegiomacdermont.edu.gt.edulinegt.com\/mac\/wp-json\/wp\/v2\/users\/3"}],"replies":[{"embeddable":true,"href":"https:\/\/colegiomacdermont.edu.gt.edulinegt.com\/mac\/wp-json\/wp\/v2\/comments?post=1472"}],"version-history":[{"count":6,"href":"https:\/\/colegiomacdermont.edu.gt.edulinegt.com\/mac\/wp-json\/wp\/v2\/pages\/1472\/revisions"}],"predecessor-version":[{"id":1498,"href":"https:\/\/colegiomacdermont.edu.gt.edulinegt.com\/mac\/wp-json\/wp\/v2\/pages\/1472\/revisions\/1498"}],"wp:attachment":[{"href":"https:\/\/colegiomacdermont.edu.gt.edulinegt.com\/mac\/wp-json\/wp\/v2\/media?parent=1472"}],"curies":[{"name":"wp","href":"https:\/\/api.w.org\/{rel}","templated":true}]}}