{"id":144,"date":"2021-08-24T23:40:10","date_gmt":"2021-08-24T23:40:10","guid":{"rendered":"https:\/\/colegiomacdermont.edu.gt.edulinegt.com\/mac\/?page_id=144"},"modified":"2021-08-25T00:21:15","modified_gmt":"2021-08-25T00:21:15","slug":"fortalezas","status":"publish","type":"page","link":"https:\/\/colegiomacdermont.edu.gt.edulinegt.com\/mac\/","title":{"rendered":"Fortalezas"},"content":{"rendered":"\n\n\n\n\n\n\n\nFortalezas acad\u00e9micas\n\n\n\n\n\n\n\n\n\n\n\n\n\n\n\n\n\n\n\n\n\n\n\n\n\n\n<p style=\"text-align: right; \"><span style=\"font-size: 20px; color: rgb(255, 255, 255);\"><strong style=\"line-height: 1;\">LOREM CORPORATE CEO<\/strong><\/span><\/p><p style=\"text-align: center;\"><span style=\"color: rgb(255, 255, 255);\">Duis aute irure dolor in reprehenderit in voluptate velit esse cillum dolore eu fugiat nulla pariatur. Excepteur sint occaecat cupidatat non proident, sunt in culpa qui officia deserunt mollit anim id est laborum.<\/span><\/p><p style=\"text-align: left;\"><sign>\u00a0 \u00a0 \u00a0 <span style=\"line-height: 2.0;\">Benn Marshall<\/span><\/sign><\/p>\n<h2 style=\"box-sizing: border-box; border: 0px; font-family: Oxygen, sans-serif; font-size: 22px; font-weight: inherit; margin-bottom: 10px; outline: 0px; vertical-align: baseline; color: rgb(64, 64, 64); letter-spacing: normal; text-decoration-style: initial;\"><span style=\"box-sizing: border-box; border: 0px; font-family: inherit; font-size: 22px; font-style: inherit; font-weight: inherit; outline: 0px; vertical-align: baseline; color: rgb(255, 102, 0);\"><br><\/span><\/h2>\n<h2 style=\"box-sizing: border-box; border: 0px; font-family: Oxygen, sans-serif; font-size: 22px; font-weight: inherit; margin-bottom: 10px; outline: 0px; vertical-align: baseline; color: rgb(64, 64, 64); letter-spacing: normal; text-decoration-style: initial;\"><span style=\"box-sizing: border-box; border: 0px; font-family: inherit; font-size: 22px; font-style: inherit; font-weight: inherit; outline: 0px; vertical-align: baseline; color: rgb(255, 102, 0);\">Ingl\u00e9s<\/span><\/h2><h5 style=\"box-sizing: border-box; border: 0px; font-family: Oxygen, sans-serif; font-size: 16px; font-weight: inherit; margin-bottom: 10px; outline: 0px; vertical-align: baseline; color: rgb(64, 64, 64); letter-spacing: normal; text-decoration-style: initial; text-align: justify;\"><span style=\"box-sizing: border-box; border: 0px; font-family: inherit; font-size: 16px; font-style: inherit; font-weight: inherit; outline: 0px; vertical-align: baseline; color: rgb(0, 0, 0);\"><em style=\"box-sizing: border-box; border: 0px; font-family: inherit; font-size: 16px; font-style: italic; font-weight: inherit; outline: 0px; vertical-align: baseline;\">Para que nuestros alumnos sean competitivos el programa de INGL\u00c9S est\u00e1 dise\u00f1ado de acuerdo a los est\u00e1ndares de los colegios norteamericanos.&nbsp; Cubriendo las siguientes asignaturas:&nbsp; Mathematics, Language Arts, Science y Social Studies, Public Relations, English Expressions, Literature, Toefl .<\/em><\/span><\/h5>\n\n\n<h2 style=\"box-sizing: border-box; border: 0px; font-family: Oxygen, sans-serif; font-size: 22px; font-weight: inherit; margin-bottom: 10px; outline: 0px; vertical-align: baseline; color: rgb(64, 64, 64); letter-spacing: normal; text-decoration-style: initial;\"><span style=\"box-sizing: border-box; border: 0px; font-family: inherit; font-size: 22px; font-style: inherit; font-weight: inherit; outline: 0px; vertical-align: baseline; color: rgb(51, 102, 255);\">Ventajas Competitivas<\/span><\/h2><h5 style=\"box-sizing: border-box; border: 0px; font-family: Oxygen, sans-serif; font-size: 16px; font-weight: inherit; margin-bottom: 10px; outline: 0px; vertical-align: baseline; color: rgb(64, 64, 64); letter-spacing: normal; text-decoration-style: initial; text-align: justify;\">En Colegio MacDermont estimulamos las habilidades y destrezas que lograr\u00e1n que el alumno destaque por su nivel competitivo al ser capaz de:<\/h5><ol style=\"box-sizing: border-box; border: 0px; font-family: Roboto, sans-serif; font-size: 16px; margin-bottom: 15px; margin-left: 20px; outline: 0px; vertical-align: baseline; list-style-position: initial; list-style-image: initial; color: rgb(64, 64, 64); letter-spacing: normal; text-decoration-style: initial;\"><li style=\"box-sizing: border-box; border: 0px; font-family: inherit; font-size: 16px; font-style: inherit; font-weight: inherit; outline: 0px; vertical-align: baseline; text-align: justify;\"><h5 style=\"box-sizing: border-box; border: 0px; font-family: Oxygen, sans-serif; font-size: 16px; font-style: inherit; font-weight: inherit; margin-bottom: 10px; outline: 0px; vertical-align: baseline;\">Planear de manera estrat\u00e9gica&nbsp; por medio del Ajedrez.<\/h5><\/li><li style=\"box-sizing: border-box; border: 0px; font-family: inherit; font-size: 16px; font-style: inherit; font-weight: inherit; outline: 0px; vertical-align: baseline; text-align: justify;\"><h5 style=\"box-sizing: border-box; border: 0px; font-family: Oxygen, sans-serif; font-size: 16px; font-style: inherit; font-weight: inherit; margin-bottom: 10px; outline: 0px; vertical-align: baseline;\">Desarrollar la solidaridad, valores morales y trabajo en equipo por medio del grupo Scout.<\/h5><\/li><li style=\"box-sizing: border-box; border: 0px; font-family: inherit; font-size: 16px; font-style: inherit; font-weight: inherit; outline: 0px; vertical-align: baseline; text-align: justify;\"><h5 style=\"box-sizing: border-box; border: 0px; font-family: Oxygen, sans-serif; font-size: 16px; font-style: inherit; font-weight: inherit; margin-bottom: 10px; outline: 0px; vertical-align: baseline;\">Ser auto disciplinado controlar su cuerpo y desarrollar su inteligencia corporal por medio del Karate.<\/h5><\/li><\/ol>\n<h2 style=\"box-sizing: border-box; border: 0px; font-family: Oxygen, sans-serif; font-size: 22px; font-weight: inherit; margin-bottom: 10px; outline: 0px; vertical-align: baseline; color: rgb(64, 64, 64); letter-spacing: normal; text-decoration-style: initial;\"><span style=\"box-sizing: border-box; border: 0px; font-family: inherit; font-size: 22px; font-style: inherit; font-weight: inherit; outline: 0px; vertical-align: baseline; color: rgb(153, 204, 0);\">Calidad Profesional<\/span><\/h2><h5 style=\"box-sizing: border-box; border: 0px; font-family: Oxygen, sans-serif; font-size: 16px; font-weight: inherit; margin-bottom: 10px; outline: 0px; vertical-align: baseline; color: rgb(64, 64, 64); letter-spacing: normal; text-decoration-style: initial; text-align: justify;\">A nuestro staff acad\u00e9mico pertenecen maestros de ingl\u00e9s y espa\u00f1ol capacitados y con experiencia en todos los niveles educativos, adem\u00e1s de personal altamente calificado en las \u00e1reas de m\u00fasica, inform\u00e1tica, desarrollo humano, lectura, artes, karate, ajedrez, educaci\u00f3n f\u00edsica, deportes, scout y laboratorio de ciencias.<\/h5>\n\n\n\n\n\n\n\n\n\n","protected":false},"excerpt":{"rendered":"","protected":false},"author":3,"featured_media":0,"parent":0,"menu_order":0,"comment_status":"closed","ping_status":"closed","template":"","meta":{"om_disable_all_campaigns":false},"_links":{"self":[{"href":"https:\/\/colegiomacdermont.edu.gt.edulinegt.com\/mac\/wp-json\/wp\/v2\/pages\/144"}],"collection":[{"href":"https:\/\/colegiomacdermont.edu.gt.edulinegt.com\/mac\/wp-json\/wp\/v2\/pages"}],"about":[{"href":"https:\/\/colegiomacdermont.edu.gt.edulinegt.com\/mac\/wp-json\/wp\/v2\/types\/page"}],"author":[{"embeddable":true,"href":"https:\/\/colegiomacdermont.edu.gt.edulinegt.com\/mac\/wp-json\/wp\/v2\/users\/3"}],"replies":[{"embeddable":true,"href":"https:\/\/colegiomacdermont.edu.gt.edulinegt.com\/mac\/wp-json\/wp\/v2\/comments?post=144"}],"version-history":[{"count":7,"href":"https:\/\/colegiomacdermont.edu.gt.edulinegt.com\/mac\/wp-json\/wp\/v2\/pages\/144\/revisions"}],"predecessor-version":[{"id":153,"href":"https:\/\/colegiomacdermont.edu.gt.edulinegt.com\/mac\/wp-json\/wp\/v2\/pages\/144\/revisions\/153"}],"wp:attachment":[{"href":"https:\/\/colegiomacdermont.edu.gt.edulinegt.com\/mac\/wp-json\/wp\/v2\/media?parent=144"}],"curies":[{"name":"wp","href":"https:\/\/api.w.org\/{rel}","templated":true}]}}