{"id":129,"date":"2021-08-24T22:53:11","date_gmt":"2021-08-24T22:53:11","guid":{"rendered":"https:\/\/colegiomacdermont.edu.gt.edulinegt.com\/mac\/?page_id=129"},"modified":"2021-12-01T17:31:39","modified_gmt":"2021-12-01T17:31:39","slug":"politica-de-calidad","status":"publish","type":"page","link":"https:\/\/colegiomacdermont.edu.gt.edulinegt.com\/mac\/politica-de-calidad\/","title":{"rendered":"Pol\u00edtica de calidad"},"content":{"rendered":"\n\n\n\n\n\n\n\n<p>pol\u00edtica de calidad<\/p>\n\n\n\n\n\n\n\n\n\n\n\n\n\n\n\n\n\n\n\n\n\n\n\n\n\n\n<p style=\"text-align: right; \"><span style=\"font-size: 20px; color: rgb(255, 255, 255);\"><strong style=\"line-height: 1;\">LOREM CORPORATE CEO<\/strong><\/span><\/p><p style=\"text-align: center;\"><span style=\"color: rgb(255, 255, 255);\">Duis aute irure dolor in reprehenderit in voluptate velit esse cillum dolore eu fugiat nulla pariatur. Excepteur sint occaecat cupidatat non proident, sunt in culpa qui officia deserunt mollit anim id est laborum.<\/span><\/p><p style=\"text-align: left;\"><sign>\u00a0 \u00a0 \u00a0 <span style=\"line-height: 2.0;\">Benn Marshall<\/span><\/sign><\/p>\n<h2 style=\"box-sizing: border-box; border: 0px; font-family: Oxygen, sans-serif; font-size: 22px; font-weight: inherit; margin-bottom: 10px; outline: 0px; vertical-align: baseline; color: rgb(64, 64, 64); letter-spacing: normal; text-decoration-style: initial;\"><br><\/h2>\n<h2 style=\"box-sizing: border-box; border: 0px; font-family: Oxygen, sans-serif; font-size: 22px; font-weight: inherit; margin-bottom: 10px; outline: 0px; vertical-align: baseline; color: rgb(64, 64, 64); letter-spacing: normal; text-decoration-style: initial;\">En<span style=\"box-sizing: border-box; border: 0px; font-family: inherit; font-size: 22px; font-style: inherit; font-weight: inherit; outline: 0px; vertical-align: baseline; color: rgb(255, 102, 0);\">&nbsp;Colegio MacDermont,<\/span>&nbsp;no podemos vivir sin los padres de familia, sin los alumnos y sin el Ministerio de Educaci\u00f3n; por lo tanto, debemos conocer y entender sus necesidades actuales y futuras, cumplir con sus peticiones d\u00e1ndoles a\u00fan m\u00e1s de lo que nos solicitan.<\/h2>\n\n\n\n\n\n\n\n\n\n\n\n\n","protected":false},"excerpt":{"rendered":"","protected":false},"author":3,"featured_media":0,"parent":0,"menu_order":0,"comment_status":"closed","ping_status":"closed","template":"","meta":{"om_disable_all_campaigns":false},"_links":{"self":[{"href":"https:\/\/colegiomacdermont.edu.gt.edulinegt.com\/mac\/wp-json\/wp\/v2\/pages\/129"}],"collection":[{"href":"https:\/\/colegiomacdermont.edu.gt.edulinegt.com\/mac\/wp-json\/wp\/v2\/pages"}],"about":[{"href":"https:\/\/colegiomacdermont.edu.gt.edulinegt.com\/mac\/wp-json\/wp\/v2\/types\/page"}],"author":[{"embeddable":true,"href":"https:\/\/colegiomacdermont.edu.gt.edulinegt.com\/mac\/wp-json\/wp\/v2\/users\/3"}],"replies":[{"embeddable":true,"href":"https:\/\/colegiomacdermont.edu.gt.edulinegt.com\/mac\/wp-json\/wp\/v2\/comments?post=129"}],"version-history":[{"count":12,"href":"https:\/\/colegiomacdermont.edu.gt.edulinegt.com\/mac\/wp-json\/wp\/v2\/pages\/129\/revisions"}],"predecessor-version":[{"id":281,"href":"https:\/\/colegiomacdermont.edu.gt.edulinegt.com\/mac\/wp-json\/wp\/v2\/pages\/129\/revisions\/281"}],"wp:attachment":[{"href":"https:\/\/colegiomacdermont.edu.gt.edulinegt.com\/mac\/wp-json\/wp\/v2\/media?parent=129"}],"curies":[{"name":"wp","href":"https:\/\/api.w.org\/{rel}","templated":true}]}}