{"id":111,"date":"2021-08-23T23:18:01","date_gmt":"2021-08-23T23:18:01","guid":{"rendered":"https:\/\/colegiomacdermont.edu.gt.edulinegt.com\/mac\/?page_id=111"},"modified":"2022-04-20T16:23:46","modified_gmt":"2022-04-20T16:23:46","slug":"historia","status":"publish","type":"page","link":"https:\/\/colegiomacdermont.edu.gt.edulinegt.com\/mac\/historia\/","title":{"rendered":"Historia"},"content":{"rendered":"\n\n\n\n<p>historia<\/p>\n\n\n\n\n<p><span style=\"color: rgb(64, 64, 64); font-family: Roboto, sans-serif; font-size: 16px; letter-spacing: normal; text-align: justify; text-decoration-style: initial;\"><br><\/span><\/p>\n<p><span style=\"color: rgb(64, 64, 64); font-family: Roboto, sans-serif; font-size: 16px; letter-spacing: normal; text-align: justify; text-decoration-style: initial;\">El Colegio se bas\u00f3 en un sistema educativo americano, donde se dominan dos idiomas el Ingl\u00e9s y el Espa\u00f1ol, implementando programas que apoyan la alta formaci\u00f3n acad\u00e9mica, cient\u00edfica, tecnol\u00f3gica y de valores en los estudiantes, buscando siempre la actualizaci\u00f3n constante en su metodolog\u00eda y servicios, en un ambiente armonioso donde se comparten los mismos valores e ideales.<\/span><br><\/p>\n<p style=\"box-sizing: border-box; border: 0px; font-family: Roboto, sans-serif; font-size: 16px; margin-bottom: 20px; outline: 0px; vertical-align: baseline; color: rgb(64, 64, 64); letter-spacing: normal; text-decoration-style: initial; text-align: justify;\">Como todo gran proyecto se inici\u00f3 con una peque\u00f1a \u00e1rea de pre-primaria con un total de 35 alumnos en todo el Colegio. Cada a\u00f1o se abri\u00f3 un nuevo grado acad\u00e9mico, hasta completar el diversificado.&nbsp;<span style=\"color: rgb(64, 64, 64); font-family: Roboto, sans-serif; font-size: 16px; letter-spacing: normal;\">Debido al \u00e9xito del sistema implementado las instalaciones ya no fueron suficientes, por lo que se construy\u00f3 el edificio actual, el cual cuenta con cuatro niveles, laboratorios, biblioteca, sala de m\u00fasica, de arte, canchas deportivas, oficinas administrativas, etc.<\/span><\/p>\n\n\n<p style=\"box-sizing: border-box; border: 0px; font-family: Roboto, sans-serif; font-size: 16px; margin-bottom: 20px; outline: 0px; vertical-align: baseline; color: rgb(64, 64, 64); letter-spacing: normal; text-decoration-style: initial; text-align: justify;\">Dentro de sus objetivos de creaci\u00f3n se busc\u00f3 ser diferente, influyendo positivamente en el mundo que nos rodea, creando un ambiente innovador, donde los alumnos y docentes se preparan constantemente.<\/p><p style=\"box-sizing: border-box; border: 0px; font-family: Roboto, sans-serif; font-size: 16px; margin-bottom: 20px; outline: 0px; vertical-align: baseline; color: rgb(64, 64, 64); letter-spacing: normal; text-decoration-style: initial; text-align: justify;\">Esta organizaci\u00f3n pone en marcha una educaci\u00f3n con impacto en los alumnos y maestros dedicados a su propio proceso de aprendizaje, capacit\u00e1ndose no s\u00f3lo en \u00e1reas pedag\u00f3gicas, sino tambi\u00e9n en otros campos, implementando valores humanos que integren a la familia, y sistemas de calidad a los servicios. Esta forma de funcionamiento y la innovaci\u00f3n constante han contribuido a la prosperidad en que se desarrollan las actividades actuales. Dentro de su staff cuenta con profesionales especializados en su ramo, empleando el uso de metodolog\u00edas participativas, como lo son las multiinteligencias, el cooperativismo, el constructivismo, trabajo por competencias y los avances tecnol\u00f3gicos, como la aplicaci\u00f3n de la inform\u00e1tica a todas las \u00e1reas y usos de redes, preparando as\u00ed a los alumnos para un mundo competitivo y exigente.<\/p>\n<p><span style=\"color: rgb(64, 64, 64); font-family: Roboto, sans-serif; font-size: 16px; letter-spacing: normal; text-align: justify; text-decoration-style: initial;\">El fruto de estos esfuerzos se refleja en el \u00e9xito de los diversos egresados de esta instituci\u00f3n.<\/span><br><\/p>\n\n\n\n\n\n\n\n\n\n\n\n\n\n\n","protected":false},"excerpt":{"rendered":"","protected":false},"author":3,"featured_media":0,"parent":0,"menu_order":0,"comment_status":"closed","ping_status":"closed","template":"","meta":{"om_disable_all_campaigns":false},"_links":{"self":[{"href":"https:\/\/colegiomacdermont.edu.gt.edulinegt.com\/mac\/wp-json\/wp\/v2\/pages\/111"}],"collection":[{"href":"https:\/\/colegiomacdermont.edu.gt.edulinegt.com\/mac\/wp-json\/wp\/v2\/pages"}],"about":[{"href":"https:\/\/colegiomacdermont.edu.gt.edulinegt.com\/mac\/wp-json\/wp\/v2\/types\/page"}],"author":[{"embeddable":true,"href":"https:\/\/colegiomacdermont.edu.gt.edulinegt.com\/mac\/wp-json\/wp\/v2\/users\/3"}],"replies":[{"embeddable":true,"href":"https:\/\/colegiomacdermont.edu.gt.edulinegt.com\/mac\/wp-json\/wp\/v2\/comments?post=111"}],"version-history":[{"count":14,"href":"https:\/\/colegiomacdermont.edu.gt.edulinegt.com\/mac\/wp-json\/wp\/v2\/pages\/111\/revisions"}],"predecessor-version":[{"id":485,"href":"https:\/\/colegiomacdermont.edu.gt.edulinegt.com\/mac\/wp-json\/wp\/v2\/pages\/111\/revisions\/485"}],"wp:attachment":[{"href":"https:\/\/colegiomacdermont.edu.gt.edulinegt.com\/mac\/wp-json\/wp\/v2\/media?parent=111"}],"curies":[{"name":"wp","href":"https:\/\/api.w.org\/{rel}","templated":true}]}}