{"id":1006,"date":"2023-12-13T16:08:13","date_gmt":"2023-12-13T16:08:13","guid":{"rendered":"https:\/\/colegiomacdermont.edu.gt.edulinegt.com\/mac\/?page_id=1006"},"modified":"2025-01-28T21:09:25","modified_gmt":"2025-01-28T21:09:25","slug":"noticias","status":"publish","type":"page","link":"https:\/\/colegiomacdermont.edu.gt.edulinegt.com\/mac\/noticias\/","title":{"rendered":"Noticias"},"content":{"rendered":"\n\n\n<p style=\"text-align: left;\">Alta Ense\u00f1anza<\/p><p style=\"text-align: left;\">Instituci\u00f3n Educativa recibe reconocimiento internacional&nbsp;<\/p>\n\n\n\n\n\n\n\n<p style=\"text-align: justify;\">\u00a1Joosef David Galicia Acevedo: Un lector excepcional!<\/p>\n<p style=\"text-align: justify;\">Joosef David Galicia Acevedo:<\/p><p style=\"text-align: justify;\">EduTech y BOOKR Class se complace en anunciar el notable logro de Joosef David Galicia Acevedo, estudiante de 5to grado del Colegio MacDermont en #Guatemala, quien ha sido reconocido como uno de los 10 mejores lectores del mundo en la competencia internacional de Bookr Class. Este destacado resultado es un claro reflejo del compromiso y la pasi\u00f3n de Joosef por la lectura, cualidades que lo han convertido en un lector excepcional. En el Colegio MacDermont, est\u00e1n comprometidos con la b\u00fasqueda constante de las mejores herramientas y metodolog\u00edas para potenciar el aprendizaje y el desarrollo integral de nuestros estudiantes.<\/p>\n<p style=\"text-align: justify;\"> La incorporaci\u00f3n de soluciones tecnol\u00f3gicas innovadoras como Bookr Class ha sido fundamental para enriquecer el proceso de ense\u00f1anza-aprendizaje y fomentar el amor por la lectura entre los alumnos.<\/p>\n<p style=\"text-align: justify;\">\u00a1Joosef David Galicia Acevedo, un lector brillante que nos inspira a seguir creciendo y buscando la excelencia en la educaci\u00f3n!<\/p><p style=\"text-align: justify;\">Conoce m\u00e1s de Bookr Class en nuestra web e inicia un viaje incre\u00edble por el mundo de la lectura y desarrollo del idioma ingl\u00e9s en tu instituci\u00f3n: https:\/\/edutechca.com\/k-12-bookr<\/p><p><br><\/p><p><br><\/p>\n\n\n\n\n\n\n\n\n<p style=\"text-align: justify;\">Luis Alejandro Hern\u00e1ndez Marquez<\/p>\n<p style=\"text-align: justify;\"><span style=\"font-size: 24px;\">Ganador de Beca Liderazgo en Ciencias para estudiar Ingenier\u00eda en Sistemas de la Universidad del Valle UVG<\/span><\/p><div style=\"text-align: justify;\"><br><\/div>\n\n\n\n\n\n\n\n\n<p style=\"text-align: justify;\">Reconocimiento : &#8220;<em>Marcando Vidas<\/em>&#8220;<\/p>\n<p style=\"text-align: justify;\"><span style=\"font-size: 24px;\">Colegio MacDermont comparte con nuestros padres y alumnos este reconocimiento que nos en enorgullece<\/span><\/p><p style=\"text-align: justify;\"><span style=\"font-size: 24px;\">#Santillana<\/span><\/p>\n\n\n\n\n\n\n\n\n<p style=\"text-align: justify;\">Ganador de Beca Liderazgo en Negocios&nbsp;<\/p>\n<p style=\"text-align: justify;\"><span style=\"font-size: 24px;\">Estudiante Pablo Sebastian Villase\u00f1or&nbsp; Ganador de Beca Liderazgo en Negocios para estudiar Licenciatura en Ingenier\u00eda en Ciencias de la Administraci\u00f3n&nbsp; de la Universidad del Valle UVG&nbsp;<\/span><\/p>\n\n\n\n\n\n\n","protected":false},"excerpt":{"rendered":"","protected":false},"author":1,"featured_media":0,"parent":0,"menu_order":0,"comment_status":"closed","ping_status":"closed","template":"","meta":{"om_disable_all_campaigns":false},"_links":{"self":[{"href":"https:\/\/colegiomacdermont.edu.gt.edulinegt.com\/mac\/wp-json\/wp\/v2\/pages\/1006"}],"collection":[{"href":"https:\/\/colegiomacdermont.edu.gt.edulinegt.com\/mac\/wp-json\/wp\/v2\/pages"}],"about":[{"href":"https:\/\/colegiomacdermont.edu.gt.edulinegt.com\/mac\/wp-json\/wp\/v2\/types\/page"}],"author":[{"embeddable":true,"href":"https:\/\/colegiomacdermont.edu.gt.edulinegt.com\/mac\/wp-json\/wp\/v2\/users\/1"}],"replies":[{"embeddable":true,"href":"https:\/\/colegiomacdermont.edu.gt.edulinegt.com\/mac\/wp-json\/wp\/v2\/comments?post=1006"}],"version-history":[{"count":18,"href":"https:\/\/colegiomacdermont.edu.gt.edulinegt.com\/mac\/wp-json\/wp\/v2\/pages\/1006\/revisions"}],"predecessor-version":[{"id":1460,"href":"https:\/\/colegiomacdermont.edu.gt.edulinegt.com\/mac\/wp-json\/wp\/v2\/pages\/1006\/revisions\/1460"}],"wp:attachment":[{"href":"https:\/\/colegiomacdermont.edu.gt.edulinegt.com\/mac\/wp-json\/wp\/v2\/media?parent=1006"}],"curies":[{"name":"wp","href":"https:\/\/api.w.org\/{rel}","templated":true}]}}